{"id":1611,"date":"2022-10-10T15:29:14","date_gmt":"2022-10-10T08:29:14","guid":{"rendered":"https:\/\/www.phamviettech.com\/?post_type=product&#038;p=1611"},"modified":"2024-12-16T23:11:17","modified_gmt":"2024-12-16T16:11:17","slug":"o-cung-ssd-gigabyte-120gb-2-5-sata-iii-6gb-s-hang-chinh-hang","status":"publish","type":"product","link":"https:\/\/www.phamviettech.com\/en\/product\/o-cung-ssd-gigabyte-120gb-2-5-sata-iii-6gb-s-hang-chinh-hang\/","title":{"rendered":"\u1ed4 C\u1ee9ng SSD Gigabyte 120Gb (2.5&#8243; Sata iii 6Gb\/S) &#8211; H\u00e0ng Ch\u00ednh H\u00e3ng"},"content":{"rendered":"<div class=\"group\">\n<h2 class=\"BlockTitle__Wrapper-sc-qpz3fo-0 eHltcn\">Th\u00f4ng Tin Chi Ti\u1ebft<\/h2>\n<div class=\"content has-table\">\n<table>\n<tbody>\n<tr>\n<td>Th\u01b0\u01a1ng hi\u1ec7u<\/td>\n<td>Gigabyte<\/td>\n<\/tr>\n<tr>\n<td>Xu\u1ea5t x\u1ee9 th\u01b0\u01a1ng hi\u1ec7u<\/td>\n<td>\u0110\u00e0i Loan<\/td>\n<\/tr>\n<tr>\n<td>K\u00edch th\u01b0\u1edbc<\/td>\n<td>69.85 x 7 x 100 mm<\/td>\n<\/tr>\n<tr>\n<td>Dung l\u01b0\u1ee3ng \u1ed5 c\u1ee9ng<\/td>\n<td>120GB<\/td>\n<\/tr>\n<tr>\n<td>Model<\/td>\n<td>120GB (2.5&#8243; SATA III 6Gb\/s)<\/td>\n<\/tr>\n<tr>\n<td>Ki\u1ec3u giao ti\u1ebfp<\/td>\n<td>SATA III 6Gb\/s<\/td>\n<\/tr>\n<tr>\n<td>Lo\u1ea1i chip NAND<\/td>\n<td>NAND Flash<\/td>\n<\/tr>\n<tr>\n<td>Xu\u1ea5t x\u1ee9<\/td>\n<td>Trung Qu\u1ed1c<\/td>\n<\/tr>\n<tr>\n<td>T\u1ed1c \u0111\u1ed9 \u0111\u1ecdc<\/td>\n<td>Up to 500 MB\/s<\/td>\n<\/tr>\n<tr>\n<td>T\u1ed1c \u0111\u1ed9 ghi<\/td>\n<td>380 MB\/s<\/td>\n<\/tr>\n<\/tbody>\n<\/table>\n<\/div>\n<\/div>\n<div class=\"group\">\n<h2 class=\"BlockTitle__Wrapper-sc-qpz3fo-0 eHltcn\">M\u00f4 T\u1ea3 S\u1ea3n Ph\u1ea9m<\/h2>\n<div class=\"content\">\n<div class=\"ToggleContent__Wrapper-sc-1dbmfaw-1 cqXrJr\">\n<div class=\"ToggleContent__View-sc-1dbmfaw-0 wyACs\">\n<h3>Thi\u1ebft k\u1ebf si\u00eau m\u1ecfng, si\u00eau di \u0111\u1ed9ng<\/h3>\n<p><strong>\u1ed4 C\u1ee9ng SSD Gigabyte 120Gb (2.5&#8243; Sata iii 6Gb\/S)<\/strong><span>\u00a0<\/span>c\u00f3 thi\u1ebft k\u1ebf m\u1ecfng nh\u1eb9, k\u00edch th\u01b0\u1edbc nh\u1ecf g\u1ecdn cho b\u1ea1n d\u1ec5 d\u00e0ng mang theo b\u1ea5t c\u1ee9 \u0111\u00e2u.<\/p>\n<h3>Chip flash NAND 3D<\/h3>\n<p>C\u00f4ng ngh\u1ec7 flash NAND 3D l\u00e0 b\u01b0\u1edbc \u0111\u1ed9t ph\u00e1 m\u1edbi, cho ph\u00e9p c\u1ea3i thi\u1ec7n dung l\u01b0\u1ee3ng c\u0169ng nh\u01b0 hi\u1ec7u n\u0103ng, \u0111\u1ed9 b\u1ec1n c\u1ee7a \u1ed5 SSD.<\/p>\n<h3>Ch\u1ea5t l\u01b0\u1ee3ng \u0111\u01b0\u1ee3c \u0111\u1ea3m b\u1ea3o<\/h3>\n<p>\u1ed4 SSD c\u1ee7a Gigabyte lu\u00f4n ph\u1ea3i tr\u1ea3i qua nh\u1eefng th\u1eed nghi\u1ec7m kh\u1eaft khe \u1edf m\u1ecdi kh\u00e2u s\u1ea3n xu\u1ea5t, bao g\u1ed3m c\u1ea3 nh\u1eefng \u0111\u00e1nh gi\u00e1 v\u1ec1 kh\u1ea3 n\u0103ng ch\u1ecbu rung, nhi\u1ec7t \u0111\u1ed9, \u0111\u1ed9 \u1ea9m, t\u1ed1c \u0111\u1ed9 c\u0169ng nh\u01b0 ch\u1ee9c n\u0103ng v\u1eadn h\u00e0nh.<\/p>\n<h3>T\u01b0\u01a1ng th\u00edch m\u1ecdi m\u00e1y t\u00ednh<\/h3>\n<p>\u1ed4 c\u1ee9ng SSD Gigabyte c\u00f3 k\u00edch th\u01b0\u1edbc chu\u1ea9n 2,5 inch, \u0111\u00e1p \u1ee9ng m\u1ecdi nhu c\u1ea7u cho c\u00e1c h\u1ec7 th\u1ed1ng m\u00e1y t\u00ednh \u0111\u1ec3 b\u00e0n m\u00e1y t\u00ednh x\u00e1ch tay c\u1ee7a b\u1ea1n.<\/p>\n<h3>T\u1ed1c \u0111\u1ed9 truy\u1ec1n, hi\u1ec7u su\u1ea5t truy\u1ec1n cao<\/h3>\n<p>Trang b\u1ecb b\u1ed9 nh\u1edb \u0111\u1ec7m DRAM DDR3 cung c\u1ea5p kh\u1ea3 n\u0103ng \u0111\u1ecdc v\u00e0 ghi ng\u1eabu nhi\u00ean, l\u00e0m cho n\u00f3 tr\u1edf th\u00e0nh s\u1ef1 l\u1ef1a ch\u1ecdn ho\u00e0n h\u1ea3o nh\u01b0 m\u1ed9t \u0111\u0129a kh\u1edfi \u0111\u1ed9ng cho c\u00e1c c\u00f4ng vi\u1ec7c v\u00e0 ch\u01b0\u01a1ng tr\u00ecnh m\u00e1y t\u00ednh h\u00e0ng ng\u00e0y.<\/p>\n<p>T\u1eadn d\u1ee5ng t\u1ed1i \u0111a giao ti\u1ebfp SATA III 6Gb\/s v\u00e0 \u0111\u01b0\u1ee3c t\u00edch h\u1ee3p c\u00f4ng ngh\u1ec7 l\u01b0u tr\u1eef SLC, SSD Gigabyte 120Gb \u0111\u1ea1t \u0111\u01b0\u1ee3c t\u1ed1c \u0111\u1ed9 truy\u1ec1n \u0111\u1eb7c bi\u1ec7t l\u00ean \u0111\u1ebfn 500MB\/s \u0111\u1ecdc v\u00e0 ghi 380MB\/s.<\/p>\n<h3>Th\u00f4ng s\u1ed1 k\u1ef9 thu\u1eadt<\/h3>\n<table border=\"1\">\n<tbody>\n<tr>\n<td>Interface<\/td>\n<td>SATA 6.0Gb\/s<\/td>\n<\/tr>\n<tr>\n<td>Form Factor<\/td>\n<td>2.5-inch internal SSD<\/td>\n<\/tr>\n<tr>\n<td>Total Capacity<\/td>\n<td>240GB<\/td>\n<\/tr>\n<tr>\n<td>Warranty<\/td>\n<td>Limited 3-year or 100TBW<\/td>\n<\/tr>\n<tr>\n<td>NAND<\/td>\n<td>NAND Flash<\/td>\n<\/tr>\n<tr>\n<td>External DDR Cache<\/td>\n<td>N\/A<\/td>\n<\/tr>\n<tr>\n<td>Sequential Read speed<\/td>\n<td>Up to 500 MB\/s<\/td>\n<\/tr>\n<tr>\n<td>Sequential Write speed<\/td>\n<td>Up to 380 MB\/s<\/td>\n<\/tr>\n<tr>\n<td>Random Read IOPS<\/td>\n<td>up to 50k<\/td>\n<\/tr>\n<tr>\n<td>Random Write IOPS<\/td>\n<td>up to 75k<\/td>\n<\/tr>\n<tr>\n<td>Dimension (W x H x L)<\/td>\n<td>69.85 x 7 x 100 mm<\/td>\n<\/tr>\n<tr>\n<td>Mean time between failure (MTBF)<\/td>\n<td>2M hours<\/td>\n<\/tr>\n<tr>\n<td>Power Consumption (Active)<\/td>\n<td>Average: R : 2240mW; W : 2610mW<\/td>\n<\/tr>\n<tr>\n<td>Power Consumption (Idle)<\/td>\n<td>170mW<\/td>\n<\/tr>\n<tr>\n<td>Temperature (Operating)<\/td>\n<td>0\u00b0C to 70\u00b0C<\/td>\n<\/tr>\n<tr>\n<td>Temperature (Storage)<\/td>\n<td>-40\u00b0C to 85\u00b0C<\/td>\n<\/tr>\n<\/tbody>\n<\/table>\n<\/div>\n<\/div>\n<\/div>\n<\/div>","protected":false},"excerpt":{"rendered":"<p>Th\u00f4ng Tin Chi Ti\u1ebft Th\u01b0\u01a1ng hi\u1ec7u Gigabyte Xu\u1ea5t x\u1ee9 th\u01b0\u01a1ng hi\u1ec7u \u0110\u00e0i Loan K\u00edch th\u01b0\u1edbc 69.85 x 7 x 100 mm Dung l\u01b0\u1ee3ng \u1ed5 c\u1ee9ng 120GB Model 120GB (2.5&#8243; SATA III 6Gb\/s) Ki\u1ec3u giao ti\u1ebfp SATA III 6Gb\/s Lo\u1ea1i chip NAND NAND Flash Xu\u1ea5t x\u1ee9 Trung Qu\u1ed1c T\u1ed1c \u0111\u1ed9 \u0111\u1ecdc [&hellip;]<\/p>","protected":false},"featured_media":1613,"comment_status":"open","ping_status":"closed","template":"","meta":{"_monsterinsights_skip_tracking":false,"_monsterinsights_sitenote_active":false,"_monsterinsights_sitenote_note":"","_monsterinsights_sitenote_category":0},"product_brand":[],"product_cat":[98],"product_tag":[107,106],"class_list":{"0":"post-1611","1":"product","2":"type-product","3":"status-publish","4":"has-post-thumbnail","6":"product_cat-all-products","7":"product_tag-o-cung","8":"product_tag-ssd","10":"first","11":"instock","12":"sale","13":"shipping-taxable","14":"purchasable","15":"product-type-simple"},"yoast_head":"<!-- This site is optimized with the Yoast SEO plugin v25.7 - https:\/\/yoast.com\/wordpress\/plugins\/seo\/ -->\n<title>\u1ed4 C\u1ee9ng SSD Gigabyte 120Gb (2.5&quot; Sata iii 6Gb\/S) - H\u00e0ng Ch\u00ednh H\u00e3ng - Phamviet Tech<\/title>\n<meta name=\"robots\" content=\"index, follow, max-snippet:-1, max-image-preview:large, max-video-preview:-1\" \/>\n<link rel=\"canonical\" href=\"https:\/\/www.phamviettech.com\/en\/product\/o-cung-ssd-gigabyte-120gb-2-5-sata-iii-6gb-s-hang-chinh-hang\/\" \/>\n<meta property=\"og:locale\" content=\"en_GB\" \/>\n<meta property=\"og:type\" content=\"article\" \/>\n<meta property=\"og:title\" content=\"\u1ed4 C\u1ee9ng SSD Gigabyte 120Gb (2.5&quot; Sata iii 6Gb\/S) - H\u00e0ng Ch\u00ednh H\u00e3ng - Phamviet Tech\" \/>\n<meta property=\"og:description\" content=\"Th\u00f4ng Tin Chi Ti\u1ebft Th\u01b0\u01a1ng hi\u1ec7u Gigabyte Xu\u1ea5t x\u1ee9 th\u01b0\u01a1ng hi\u1ec7u \u0110\u00e0i Loan K\u00edch th\u01b0\u1edbc 69.85 x 7 x 100 mm Dung l\u01b0\u1ee3ng \u1ed5 c\u1ee9ng 120GB Model 120GB (2.5&#8243; SATA III 6Gb\/s) Ki\u1ec3u giao ti\u1ebfp SATA III 6Gb\/s Lo\u1ea1i chip NAND NAND Flash Xu\u1ea5t x\u1ee9 Trung Qu\u1ed1c T\u1ed1c \u0111\u1ed9 \u0111\u1ecdc [&hellip;]\" \/>\n<meta property=\"og:url\" content=\"https:\/\/www.phamviettech.com\/en\/product\/o-cung-ssd-gigabyte-120gb-2-5-sata-iii-6gb-s-hang-chinh-hang\/\" \/>\n<meta property=\"og:site_name\" content=\"Phamviet Tech\" \/>\n<meta property=\"article:modified_time\" content=\"2024-12-16T16:11:17+00:00\" \/>\n<meta property=\"og:image\" content=\"https:\/\/www.phamviettech.com\/wp-content\/uploads\/2022\/10\/924a80b4d1dbe0236174c34dd9437c02.jpg\" \/>\n\t<meta property=\"og:image:width\" content=\"1200\" \/>\n\t<meta property=\"og:image:height\" content=\"1200\" \/>\n\t<meta property=\"og:image:type\" content=\"image\/jpeg\" \/>\n<meta name=\"twitter:card\" content=\"summary_large_image\" \/>\n<meta name=\"twitter:label1\" content=\"Estimated reading time\" \/>\n\t<meta name=\"twitter:data1\" content=\"3 minutes\" \/>\n<script type=\"application\/ld+json\" class=\"yoast-schema-graph\">{\"@context\":\"https:\/\/schema.org\",\"@graph\":[{\"@type\":\"WebPage\",\"@id\":\"https:\/\/www.phamviettech.com\/san-pham\/o-cung-ssd-gigabyte-120gb-2-5-sata-iii-6gb-s-hang-chinh-hang\/\",\"url\":\"https:\/\/www.phamviettech.com\/san-pham\/o-cung-ssd-gigabyte-120gb-2-5-sata-iii-6gb-s-hang-chinh-hang\/\",\"name\":\"\u1ed4 C\u1ee9ng SSD Gigabyte 120Gb (2.5\\\" Sata iii 6Gb\/S) - H\u00e0ng Ch\u00ednh H\u00e3ng - Phamviet Tech\",\"isPartOf\":{\"@id\":\"https:\/\/www.phamviettech.com\/#website\"},\"primaryImageOfPage\":{\"@id\":\"https:\/\/www.phamviettech.com\/san-pham\/o-cung-ssd-gigabyte-120gb-2-5-sata-iii-6gb-s-hang-chinh-hang\/#primaryimage\"},\"image\":{\"@id\":\"https:\/\/www.phamviettech.com\/san-pham\/o-cung-ssd-gigabyte-120gb-2-5-sata-iii-6gb-s-hang-chinh-hang\/#primaryimage\"},\"thumbnailUrl\":\"https:\/\/www.phamviettech.com\/wp-content\/uploads\/2022\/10\/924a80b4d1dbe0236174c34dd9437c02.jpg\",\"datePublished\":\"2022-10-10T08:29:14+00:00\",\"dateModified\":\"2024-12-16T16:11:17+00:00\",\"breadcrumb\":{\"@id\":\"https:\/\/www.phamviettech.com\/san-pham\/o-cung-ssd-gigabyte-120gb-2-5-sata-iii-6gb-s-hang-chinh-hang\/#breadcrumb\"},\"inLanguage\":\"en-GB\",\"potentialAction\":[{\"@type\":\"ReadAction\",\"target\":[\"https:\/\/www.phamviettech.com\/san-pham\/o-cung-ssd-gigabyte-120gb-2-5-sata-iii-6gb-s-hang-chinh-hang\/\"]}]},{\"@type\":\"ImageObject\",\"inLanguage\":\"en-GB\",\"@id\":\"https:\/\/www.phamviettech.com\/san-pham\/o-cung-ssd-gigabyte-120gb-2-5-sata-iii-6gb-s-hang-chinh-hang\/#primaryimage\",\"url\":\"https:\/\/www.phamviettech.com\/wp-content\/uploads\/2022\/10\/924a80b4d1dbe0236174c34dd9437c02.jpg\",\"contentUrl\":\"https:\/\/www.phamviettech.com\/wp-content\/uploads\/2022\/10\/924a80b4d1dbe0236174c34dd9437c02.jpg\",\"width\":1200,\"height\":1200},{\"@type\":\"BreadcrumbList\",\"@id\":\"https:\/\/www.phamviettech.com\/san-pham\/o-cung-ssd-gigabyte-120gb-2-5-sata-iii-6gb-s-hang-chinh-hang\/#breadcrumb\",\"itemListElement\":[{\"@type\":\"ListItem\",\"position\":1,\"name\":\"Trang ch\u1ee7\",\"item\":\"https:\/\/www.phamviettech.com\/\"},{\"@type\":\"ListItem\",\"position\":2,\"name\":\"C\u1eeda h\u00e0ng\",\"item\":\"https:\/\/www.phamviettech.com\/?page_id=1092\"},{\"@type\":\"ListItem\",\"position\":3,\"name\":\"\u1ed4 C\u1ee9ng SSD Gigabyte 120Gb (2.5&#8243; Sata iii 6Gb\/S) &#8211; H\u00e0ng Ch\u00ednh H\u00e3ng\"}]},{\"@type\":\"WebSite\",\"@id\":\"https:\/\/www.phamviettech.com\/#website\",\"url\":\"https:\/\/www.phamviettech.com\/\",\"name\":\"Phamviet Tech\",\"description\":\"Engineering &amp; Investing\",\"publisher\":{\"@id\":\"https:\/\/www.phamviettech.com\/#organization\"},\"potentialAction\":[{\"@type\":\"SearchAction\",\"target\":{\"@type\":\"EntryPoint\",\"urlTemplate\":\"https:\/\/www.phamviettech.com\/?s={search_term_string}\"},\"query-input\":{\"@type\":\"PropertyValueSpecification\",\"valueRequired\":true,\"valueName\":\"search_term_string\"}}],\"inLanguage\":\"en-GB\"},{\"@type\":\"Organization\",\"@id\":\"https:\/\/www.phamviettech.com\/#organization\",\"name\":\"Phamviet Tech\",\"url\":\"https:\/\/www.phamviettech.com\/\",\"logo\":{\"@type\":\"ImageObject\",\"inLanguage\":\"en-GB\",\"@id\":\"https:\/\/www.phamviettech.com\/#\/schema\/logo\/image\/\",\"url\":\"https:\/\/www.phamviettech.com\/wp-content\/uploads\/2022\/07\/logo-small.png\",\"contentUrl\":\"https:\/\/www.phamviettech.com\/wp-content\/uploads\/2022\/07\/logo-small.png\",\"width\":200,\"height\":39,\"caption\":\"Phamviet Tech\"},\"image\":{\"@id\":\"https:\/\/www.phamviettech.com\/#\/schema\/logo\/image\/\"}}]}<\/script>\n<!-- \/ Yoast SEO plugin. -->","yoast_head_json":{"title":"\u1ed4 C\u1ee9ng SSD Gigabyte 120Gb (2.5\" Sata iii 6Gb\/S) - H\u00e0ng Ch\u00ednh H\u00e3ng - Phamviet Tech","robots":{"index":"index","follow":"follow","max-snippet":"max-snippet:-1","max-image-preview":"max-image-preview:large","max-video-preview":"max-video-preview:-1"},"canonical":"https:\/\/www.phamviettech.com\/en\/product\/o-cung-ssd-gigabyte-120gb-2-5-sata-iii-6gb-s-hang-chinh-hang\/","og_locale":"en_GB","og_type":"article","og_title":"\u1ed4 C\u1ee9ng SSD Gigabyte 120Gb (2.5\" Sata iii 6Gb\/S) - H\u00e0ng Ch\u00ednh H\u00e3ng - Phamviet Tech","og_description":"Th\u00f4ng Tin Chi Ti\u1ebft Th\u01b0\u01a1ng hi\u1ec7u Gigabyte Xu\u1ea5t x\u1ee9 th\u01b0\u01a1ng hi\u1ec7u \u0110\u00e0i Loan K\u00edch th\u01b0\u1edbc 69.85 x 7 x 100 mm Dung l\u01b0\u1ee3ng \u1ed5 c\u1ee9ng 120GB Model 120GB (2.5&#8243; SATA III 6Gb\/s) Ki\u1ec3u giao ti\u1ebfp SATA III 6Gb\/s Lo\u1ea1i chip NAND NAND Flash Xu\u1ea5t x\u1ee9 Trung Qu\u1ed1c T\u1ed1c \u0111\u1ed9 \u0111\u1ecdc [&hellip;]","og_url":"https:\/\/www.phamviettech.com\/en\/product\/o-cung-ssd-gigabyte-120gb-2-5-sata-iii-6gb-s-hang-chinh-hang\/","og_site_name":"Phamviet Tech","article_modified_time":"2024-12-16T16:11:17+00:00","og_image":[{"width":1200,"height":1200,"url":"https:\/\/www.phamviettech.com\/wp-content\/uploads\/2022\/10\/924a80b4d1dbe0236174c34dd9437c02.jpg","type":"image\/jpeg"}],"twitter_card":"summary_large_image","twitter_misc":{"Estimated reading time":"3 minutes"},"schema":{"@context":"https:\/\/schema.org","@graph":[{"@type":"WebPage","@id":"https:\/\/www.phamviettech.com\/san-pham\/o-cung-ssd-gigabyte-120gb-2-5-sata-iii-6gb-s-hang-chinh-hang\/","url":"https:\/\/www.phamviettech.com\/san-pham\/o-cung-ssd-gigabyte-120gb-2-5-sata-iii-6gb-s-hang-chinh-hang\/","name":"\u1ed4 C\u1ee9ng SSD Gigabyte 120Gb (2.5\" Sata iii 6Gb\/S) - H\u00e0ng Ch\u00ednh H\u00e3ng - Phamviet Tech","isPartOf":{"@id":"https:\/\/www.phamviettech.com\/#website"},"primaryImageOfPage":{"@id":"https:\/\/www.phamviettech.com\/san-pham\/o-cung-ssd-gigabyte-120gb-2-5-sata-iii-6gb-s-hang-chinh-hang\/#primaryimage"},"image":{"@id":"https:\/\/www.phamviettech.com\/san-pham\/o-cung-ssd-gigabyte-120gb-2-5-sata-iii-6gb-s-hang-chinh-hang\/#primaryimage"},"thumbnailUrl":"https:\/\/www.phamviettech.com\/wp-content\/uploads\/2022\/10\/924a80b4d1dbe0236174c34dd9437c02.jpg","datePublished":"2022-10-10T08:29:14+00:00","dateModified":"2024-12-16T16:11:17+00:00","breadcrumb":{"@id":"https:\/\/www.phamviettech.com\/san-pham\/o-cung-ssd-gigabyte-120gb-2-5-sata-iii-6gb-s-hang-chinh-hang\/#breadcrumb"},"inLanguage":"en-GB","potentialAction":[{"@type":"ReadAction","target":["https:\/\/www.phamviettech.com\/san-pham\/o-cung-ssd-gigabyte-120gb-2-5-sata-iii-6gb-s-hang-chinh-hang\/"]}]},{"@type":"ImageObject","inLanguage":"en-GB","@id":"https:\/\/www.phamviettech.com\/san-pham\/o-cung-ssd-gigabyte-120gb-2-5-sata-iii-6gb-s-hang-chinh-hang\/#primaryimage","url":"https:\/\/www.phamviettech.com\/wp-content\/uploads\/2022\/10\/924a80b4d1dbe0236174c34dd9437c02.jpg","contentUrl":"https:\/\/www.phamviettech.com\/wp-content\/uploads\/2022\/10\/924a80b4d1dbe0236174c34dd9437c02.jpg","width":1200,"height":1200},{"@type":"BreadcrumbList","@id":"https:\/\/www.phamviettech.com\/san-pham\/o-cung-ssd-gigabyte-120gb-2-5-sata-iii-6gb-s-hang-chinh-hang\/#breadcrumb","itemListElement":[{"@type":"ListItem","position":1,"name":"Trang ch\u1ee7","item":"https:\/\/www.phamviettech.com\/"},{"@type":"ListItem","position":2,"name":"C\u1eeda h\u00e0ng","item":"https:\/\/www.phamviettech.com\/?page_id=1092"},{"@type":"ListItem","position":3,"name":"\u1ed4 C\u1ee9ng SSD Gigabyte 120Gb (2.5&#8243; Sata iii 6Gb\/S) &#8211; H\u00e0ng Ch\u00ednh H\u00e3ng"}]},{"@type":"WebSite","@id":"https:\/\/www.phamviettech.com\/#website","url":"https:\/\/www.phamviettech.com\/","name":"Phamviet Tech","description":"Engineering &amp; Investing","publisher":{"@id":"https:\/\/www.phamviettech.com\/#organization"},"potentialAction":[{"@type":"SearchAction","target":{"@type":"EntryPoint","urlTemplate":"https:\/\/www.phamviettech.com\/?s={search_term_string}"},"query-input":{"@type":"PropertyValueSpecification","valueRequired":true,"valueName":"search_term_string"}}],"inLanguage":"en-GB"},{"@type":"Organization","@id":"https:\/\/www.phamviettech.com\/#organization","name":"Phamviet Tech","url":"https:\/\/www.phamviettech.com\/","logo":{"@type":"ImageObject","inLanguage":"en-GB","@id":"https:\/\/www.phamviettech.com\/#\/schema\/logo\/image\/","url":"https:\/\/www.phamviettech.com\/wp-content\/uploads\/2022\/07\/logo-small.png","contentUrl":"https:\/\/www.phamviettech.com\/wp-content\/uploads\/2022\/07\/logo-small.png","width":200,"height":39,"caption":"Phamviet Tech"},"image":{"@id":"https:\/\/www.phamviettech.com\/#\/schema\/logo\/image\/"}}]}},"_links":{"self":[{"href":"https:\/\/www.phamviettech.com\/en\/wp-json\/wp\/v2\/product\/1611","targetHints":{"allow":["GET"]}}],"collection":[{"href":"https:\/\/www.phamviettech.com\/en\/wp-json\/wp\/v2\/product"}],"about":[{"href":"https:\/\/www.phamviettech.com\/en\/wp-json\/wp\/v2\/types\/product"}],"replies":[{"embeddable":true,"href":"https:\/\/www.phamviettech.com\/en\/wp-json\/wp\/v2\/comments?post=1611"}],"wp:featuredmedia":[{"embeddable":true,"href":"https:\/\/www.phamviettech.com\/en\/wp-json\/wp\/v2\/media\/1613"}],"wp:attachment":[{"href":"https:\/\/www.phamviettech.com\/en\/wp-json\/wp\/v2\/media?parent=1611"}],"wp:term":[{"taxonomy":"product_brand","embeddable":true,"href":"https:\/\/www.phamviettech.com\/en\/wp-json\/wp\/v2\/product_brand?post=1611"},{"taxonomy":"product_cat","embeddable":true,"href":"https:\/\/www.phamviettech.com\/en\/wp-json\/wp\/v2\/product_cat?post=1611"},{"taxonomy":"product_tag","embeddable":true,"href":"https:\/\/www.phamviettech.com\/en\/wp-json\/wp\/v2\/product_tag?post=1611"}],"curies":[{"name":"wp","href":"https:\/\/api.w.org\/{rel}","templated":true}]}}