{"id":1608,"date":"2022-10-10T15:14:18","date_gmt":"2022-10-10T08:14:18","guid":{"rendered":"https:\/\/www.phamviettech.com\/?post_type=product&#038;p=1608"},"modified":"2024-12-16T23:11:17","modified_gmt":"2024-12-16T16:11:17","slug":"card-man-hinh-nvidia-quadro-600-1gb-128bit-gddr3-chuyen-dung-ve-do-hoa-cho-may-bo-hang-chinh-hang","status":"publish","type":"product","link":"https:\/\/www.phamviettech.com\/en\/product\/card-man-hinh-nvidia-quadro-600-1gb-128bit-gddr3-chuyen-dung-ve-do-hoa-cho-may-bo-hang-chinh-hang\/","title":{"rendered":"Card m\u00e0n h\u00ecnh Nvidia Quadro 600 1Gb &#8211; 128bit GDDR3 &#8211; Chuy\u00ean d\u00f9ng v\u1ebd \u0111\u1ed3 h\u1ecda cho m\u00e1y B\u1ed9 &#8211; H\u00e0ng Ch\u00ednh H\u00e3ng"},"content":{"rendered":"<div class=\"group\">\n<h2 class=\"BlockTitle__Wrapper-sc-qpz3fo-0 eHltcn\">Th\u00f4ng Tin Chi Ti\u1ebft<\/h2>\n<div class=\"content has-table\">\n<table>\n<tbody>\n<tr>\n<td>Th\u01b0\u01a1ng hi\u1ec7u<\/td>\n<td>nVIDIA<\/td>\n<\/tr>\n<tr>\n<td>Xu\u1ea5t x\u1ee9 th\u01b0\u01a1ng hi\u1ec7u<\/td>\n<td>China<\/td>\n<\/tr>\n<tr>\n<td>Model<\/td>\n<td>k600<\/td>\n<\/tr>\n<tr>\n<td>Xu\u1ea5t x\u1ee9<\/td>\n<td>china<\/td>\n<\/tr>\n<tr>\n<td>Tr\u1ecdng l\u01b0\u1ee3ng s\u1ea3n ph\u1ea9m<\/td>\n<td>0.2<\/td>\n<\/tr>\n<tr>\n<td>C\u1ed5ng USB<\/td>\n<td>display, DVI<\/td>\n<\/tr>\n<\/tbody>\n<\/table>\n<\/div>\n<\/div>\n<div class=\"group\">\n<h2 class=\"BlockTitle__Wrapper-sc-qpz3fo-0 eHltcn\">M\u00f4 T\u1ea3 S\u1ea3n Ph\u1ea9m<\/h2>\n<div class=\"content\">\n<div class=\"ToggleContent__Wrapper-sc-1dbmfaw-1 cqXrJr\">\n<div class=\"ToggleContent__View-sc-1dbmfaw-0 wyACs\">\n<p>GA QUADRO 600 1GB 128 bit chuy\u00ean \u0111\u1ed3 h\u1ecda shop corel acad game LOL<\/p>\n<p>Card \u0111\u1ed3 h\u1ecda Nvidia Quadro 600 l\u00e0 d\u00f2ng card \u0111\u1ed3 h\u1ecda ph\u00f9 h\u1ee3p v\u1edbi nhi\u1ec1u \u0111\u1ed1i t\u01b0\u1ee3ng kh\u00e1ch h\u00e0ng v\u1edbi m\u1ee9c gi\u00e1 r\u1ebb, h\u1ee3p l\u00fd v\u00e0 s\u1ee9c m\u1ea1nh x\u1eed l\u00fd m\u1ea1nh m\u1ebd, d\u00f2ng card Quadro 600 s\u1ebd l\u00e0 m\u1ed9t s\u1ef1 l\u1ef1a ch\u1ecdn tuy\u1ec7t v\u1eddi cho \u0111\u1ed1i t\u01b0\u1ee3ng h\u1ecdc sinh, sinh vi\u00ean, c\u00e1 nh\u00e2n ho\u1eb7c c\u00e1c doanh nghi\u1ec7p s\u1eed d\u1ee5ng \u0111\u1ec3 thi\u1ebft k\u1ebf b\u1eb1ng m\u1ed9t s\u1ed1 \u1ee9ng d\u1ee5ng Photoshop, Illustrator, v\u00e0 h\u1ea7u h\u1ebft c\u00e1c \u1ee9ng d\u1ee5ng chuy\u00ean d\u1ee5ng. VGA QUADRO 600 Thi\u1ebft k\u1ebf nh\u1ecf g\u1ecdn, linh ho\u1ea1t nh\u01b0ng mang m\u1ed9t s\u1ee9c m\u1ea1nh v\u01b0\u1ee3t tr\u1ed9i so v\u1edbi k\u00edch th\u01b0\u1edbc.<\/p>\n<p>Card Quadro 600 c\u00f3 th\u1ec3 c\u1eafm v\u00e0o case \u0111\u1ed3ng b\u1ed9 lo\u1ea1i m\u1ecfng bo l\u00f9n v\u00e0 kh\u00f4ng c\u1ea7n ngu\u1ed3n ph\u1ee5. T\u00ecnh tr\u1ea1ng: Card m\u00e0n h\u00ecnh th\u00e1o m\u00e1y \u0111\u1ed3ng b\u1ed9<\/p>\n<p>D\u01b0\u1edbi \u0111\u00e2y l\u00e0 m\u1ed9t s\u1ed1 th\u00f4ng s\u1ed1 ch\u00ednh c\u1ee7a d\u00f2ng Card \u0111\u1ed3 h\u1ecda:<\/p>\n<p>NVIDIA Quadro 600<\/p>\n<p>B\u1ed9 nh\u1edb GPU \u00a0 1GB DDR3<\/p>\n<p>Memory Interface \u00a0 128-Bit<\/p>\n<p>B\u0103ng th\u00f4ng \u00a0 25.6 GB\/S<\/p>\n<p>Chipset \u00a0 Nvidia &#8211; Quadro 600\u00a0 CUDA Cores \u00a0 96 |<\/p>\n<p>Ki\u1ec3u b\u1ed9 nh\u1edb \u00a0 DDR3 |<\/p>\n<p>\u0110\u1ed9 ph\u00e2n gi\u1ea3i t\u1ed1i \u0111a \u00a0 2560 x 1600 |<\/p>\n<p>C\u1ed5ng giao ti\u1ebfp\u00a0 \u00a0DVI\u00a0 DisplayPort\u00a0 |<\/p>\n<p>3D Vision\/3D Vision Pro \u00a0 C\u00f3 |<\/p>\n<p>\u0110i\u1ec7n n\u0103ng ti\u00eau th\u1ee5 c\u1ef1c \u0111\u1ea1i\u00a0 \u00a040W<img loading=\"lazy\" decoding=\"async\" src=\"https:\/\/www.phamviettech.com\/wp-content\/uploads\/2022\/10\/a5c8f01ea1e82280a270aef44c245cc3-300x300.png\" alt=\"\" width=\"300\" height=\"300\" class=\"alignnone size-medium wp-image-1609\" srcset=\"https:\/\/www.phamviettech.com\/wp-content\/uploads\/2022\/10\/a5c8f01ea1e82280a270aef44c245cc3-300x300.png 300w, https:\/\/www.phamviettech.com\/wp-content\/uploads\/2022\/10\/a5c8f01ea1e82280a270aef44c245cc3-1024x1024.png 1024w, https:\/\/www.phamviettech.com\/wp-content\/uploads\/2022\/10\/a5c8f01ea1e82280a270aef44c245cc3-150x150.png 150w, https:\/\/www.phamviettech.com\/wp-content\/uploads\/2022\/10\/a5c8f01ea1e82280a270aef44c245cc3-768x768.png 768w, https:\/\/www.phamviettech.com\/wp-content\/uploads\/2022\/10\/a5c8f01ea1e82280a270aef44c245cc3-12x12.png 12w, https:\/\/www.phamviettech.com\/wp-content\/uploads\/2022\/10\/a5c8f01ea1e82280a270aef44c245cc3-320x320.png 320w, https:\/\/www.phamviettech.com\/wp-content\/uploads\/2022\/10\/a5c8f01ea1e82280a270aef44c245cc3-480x480.png 480w, https:\/\/www.phamviettech.com\/wp-content\/uploads\/2022\/10\/a5c8f01ea1e82280a270aef44c245cc3-800x800.png 800w, https:\/\/www.phamviettech.com\/wp-content\/uploads\/2022\/10\/a5c8f01ea1e82280a270aef44c245cc3-600x600.png 600w, https:\/\/www.phamviettech.com\/wp-content\/uploads\/2022\/10\/a5c8f01ea1e82280a270aef44c245cc3-160x160.png 160w, https:\/\/www.phamviettech.com\/wp-content\/uploads\/2022\/10\/a5c8f01ea1e82280a270aef44c245cc3.png 1200w\" sizes=\"auto, (max-width: 300px) 100vw, 300px\" \/> <img loading=\"lazy\" decoding=\"async\" src=\"https:\/\/www.phamviettech.com\/wp-content\/uploads\/2022\/10\/d5033b537ed695413fc8e56c4203e997-300x300.png\" alt=\"\" width=\"300\" height=\"300\" class=\"alignnone size-medium wp-image-1610\" srcset=\"https:\/\/www.phamviettech.com\/wp-content\/uploads\/2022\/10\/d5033b537ed695413fc8e56c4203e997-300x300.png 300w, https:\/\/www.phamviettech.com\/wp-content\/uploads\/2022\/10\/d5033b537ed695413fc8e56c4203e997-1024x1024.png 1024w, https:\/\/www.phamviettech.com\/wp-content\/uploads\/2022\/10\/d5033b537ed695413fc8e56c4203e997-150x150.png 150w, https:\/\/www.phamviettech.com\/wp-content\/uploads\/2022\/10\/d5033b537ed695413fc8e56c4203e997-768x768.png 768w, https:\/\/www.phamviettech.com\/wp-content\/uploads\/2022\/10\/d5033b537ed695413fc8e56c4203e997-12x12.png 12w, https:\/\/www.phamviettech.com\/wp-content\/uploads\/2022\/10\/d5033b537ed695413fc8e56c4203e997-320x320.png 320w, https:\/\/www.phamviettech.com\/wp-content\/uploads\/2022\/10\/d5033b537ed695413fc8e56c4203e997-480x480.png 480w, https:\/\/www.phamviettech.com\/wp-content\/uploads\/2022\/10\/d5033b537ed695413fc8e56c4203e997-800x800.png 800w, https:\/\/www.phamviettech.com\/wp-content\/uploads\/2022\/10\/d5033b537ed695413fc8e56c4203e997-600x600.png 600w, https:\/\/www.phamviettech.com\/wp-content\/uploads\/2022\/10\/d5033b537ed695413fc8e56c4203e997-160x160.png 160w, https:\/\/www.phamviettech.com\/wp-content\/uploads\/2022\/10\/d5033b537ed695413fc8e56c4203e997.png 1200w\" sizes=\"auto, (max-width: 300px) 100vw, 300px\" \/><\/p>\n<\/div>\n<\/div>\n<\/div>\n<\/div>","protected":false},"excerpt":{"rendered":"<p>Th\u00f4ng Tin Chi Ti\u1ebft Th\u01b0\u01a1ng hi\u1ec7u nVIDIA Xu\u1ea5t x\u1ee9 th\u01b0\u01a1ng hi\u1ec7u China Model k600 Xu\u1ea5t x\u1ee9 china Tr\u1ecdng l\u01b0\u1ee3ng s\u1ea3n ph\u1ea9m 0.2 C\u1ed5ng USB display, DVI M\u00f4 T\u1ea3 S\u1ea3n Ph\u1ea9m GA QUADRO 600 1GB 128 bit chuy\u00ean \u0111\u1ed3 h\u1ecda shop corel acad game LOL Card \u0111\u1ed3 h\u1ecda Nvidia Quadro 600 [&hellip;]<\/p>","protected":false},"featured_media":1609,"comment_status":"open","ping_status":"closed","template":"","meta":{"_monsterinsights_skip_tracking":false,"_monsterinsights_sitenote_active":false,"_monsterinsights_sitenote_note":"","_monsterinsights_sitenote_category":0},"product_brand":[],"product_cat":[98],"product_tag":[104,105],"class_list":{"0":"post-1608","1":"product","2":"type-product","3":"status-publish","4":"has-post-thumbnail","6":"product_cat-all-products","7":"product_tag-card-man-hinh","8":"product_tag-nvidia","10":"first","11":"instock","12":"sale","13":"shipping-taxable","14":"purchasable","15":"product-type-simple"},"yoast_head":"<!-- This site is optimized with the Yoast SEO plugin v25.7 - https:\/\/yoast.com\/wordpress\/plugins\/seo\/ -->\n<title>Card m\u00e0n h\u00ecnh Nvidia Quadro 600 1Gb - 128bit GDDR3 - Chuy\u00ean d\u00f9ng v\u1ebd \u0111\u1ed3 h\u1ecda cho m\u00e1y B\u1ed9 - H\u00e0ng Ch\u00ednh H\u00e3ng - Phamviet Tech<\/title>\n<meta name=\"robots\" content=\"index, follow, max-snippet:-1, max-image-preview:large, max-video-preview:-1\" \/>\n<link rel=\"canonical\" href=\"https:\/\/www.phamviettech.com\/en\/product\/card-man-hinh-nvidia-quadro-600-1gb-128bit-gddr3-chuyen-dung-ve-do-hoa-cho-may-bo-hang-chinh-hang\/\" \/>\n<meta property=\"og:locale\" content=\"en_GB\" \/>\n<meta property=\"og:type\" content=\"article\" \/>\n<meta property=\"og:title\" content=\"Card m\u00e0n h\u00ecnh Nvidia Quadro 600 1Gb - 128bit GDDR3 - Chuy\u00ean d\u00f9ng v\u1ebd \u0111\u1ed3 h\u1ecda cho m\u00e1y B\u1ed9 - H\u00e0ng Ch\u00ednh H\u00e3ng - Phamviet Tech\" \/>\n<meta property=\"og:description\" content=\"Th\u00f4ng Tin Chi Ti\u1ebft Th\u01b0\u01a1ng hi\u1ec7u nVIDIA Xu\u1ea5t x\u1ee9 th\u01b0\u01a1ng hi\u1ec7u China Model k600 Xu\u1ea5t x\u1ee9 china Tr\u1ecdng l\u01b0\u1ee3ng s\u1ea3n ph\u1ea9m 0.2 C\u1ed5ng USB display, DVI M\u00f4 T\u1ea3 S\u1ea3n Ph\u1ea9m GA QUADRO 600 1GB 128 bit chuy\u00ean \u0111\u1ed3 h\u1ecda shop corel acad game LOL Card \u0111\u1ed3 h\u1ecda Nvidia Quadro 600 [&hellip;]\" \/>\n<meta property=\"og:url\" content=\"https:\/\/www.phamviettech.com\/en\/product\/card-man-hinh-nvidia-quadro-600-1gb-128bit-gddr3-chuyen-dung-ve-do-hoa-cho-may-bo-hang-chinh-hang\/\" \/>\n<meta property=\"og:site_name\" content=\"Phamviet Tech\" \/>\n<meta property=\"article:modified_time\" content=\"2024-12-16T16:11:17+00:00\" \/>\n<meta property=\"og:image\" content=\"https:\/\/www.phamviettech.com\/wp-content\/uploads\/2022\/10\/a5c8f01ea1e82280a270aef44c245cc3.png\" \/>\n\t<meta property=\"og:image:width\" content=\"1200\" \/>\n\t<meta property=\"og:image:height\" content=\"1200\" \/>\n\t<meta property=\"og:image:type\" content=\"image\/png\" \/>\n<meta name=\"twitter:card\" content=\"summary_large_image\" \/>\n<meta name=\"twitter:label1\" content=\"Estimated reading time\" \/>\n\t<meta name=\"twitter:data1\" content=\"2 minutes\" \/>\n<script type=\"application\/ld+json\" class=\"yoast-schema-graph\">{\"@context\":\"https:\/\/schema.org\",\"@graph\":[{\"@type\":\"WebPage\",\"@id\":\"https:\/\/www.phamviettech.com\/san-pham\/card-man-hinh-nvidia-quadro-600-1gb-128bit-gddr3-chuyen-dung-ve-do-hoa-cho-may-bo-hang-chinh-hang\/\",\"url\":\"https:\/\/www.phamviettech.com\/san-pham\/card-man-hinh-nvidia-quadro-600-1gb-128bit-gddr3-chuyen-dung-ve-do-hoa-cho-may-bo-hang-chinh-hang\/\",\"name\":\"Card m\u00e0n h\u00ecnh Nvidia Quadro 600 1Gb - 128bit GDDR3 - Chuy\u00ean d\u00f9ng v\u1ebd \u0111\u1ed3 h\u1ecda cho m\u00e1y B\u1ed9 - H\u00e0ng Ch\u00ednh H\u00e3ng - Phamviet Tech\",\"isPartOf\":{\"@id\":\"https:\/\/www.phamviettech.com\/#website\"},\"primaryImageOfPage\":{\"@id\":\"https:\/\/www.phamviettech.com\/san-pham\/card-man-hinh-nvidia-quadro-600-1gb-128bit-gddr3-chuyen-dung-ve-do-hoa-cho-may-bo-hang-chinh-hang\/#primaryimage\"},\"image\":{\"@id\":\"https:\/\/www.phamviettech.com\/san-pham\/card-man-hinh-nvidia-quadro-600-1gb-128bit-gddr3-chuyen-dung-ve-do-hoa-cho-may-bo-hang-chinh-hang\/#primaryimage\"},\"thumbnailUrl\":\"https:\/\/www.phamviettech.com\/wp-content\/uploads\/2022\/10\/a5c8f01ea1e82280a270aef44c245cc3.png\",\"datePublished\":\"2022-10-10T08:14:18+00:00\",\"dateModified\":\"2024-12-16T16:11:17+00:00\",\"breadcrumb\":{\"@id\":\"https:\/\/www.phamviettech.com\/san-pham\/card-man-hinh-nvidia-quadro-600-1gb-128bit-gddr3-chuyen-dung-ve-do-hoa-cho-may-bo-hang-chinh-hang\/#breadcrumb\"},\"inLanguage\":\"en-GB\",\"potentialAction\":[{\"@type\":\"ReadAction\",\"target\":[\"https:\/\/www.phamviettech.com\/san-pham\/card-man-hinh-nvidia-quadro-600-1gb-128bit-gddr3-chuyen-dung-ve-do-hoa-cho-may-bo-hang-chinh-hang\/\"]}]},{\"@type\":\"ImageObject\",\"inLanguage\":\"en-GB\",\"@id\":\"https:\/\/www.phamviettech.com\/san-pham\/card-man-hinh-nvidia-quadro-600-1gb-128bit-gddr3-chuyen-dung-ve-do-hoa-cho-may-bo-hang-chinh-hang\/#primaryimage\",\"url\":\"https:\/\/www.phamviettech.com\/wp-content\/uploads\/2022\/10\/a5c8f01ea1e82280a270aef44c245cc3.png\",\"contentUrl\":\"https:\/\/www.phamviettech.com\/wp-content\/uploads\/2022\/10\/a5c8f01ea1e82280a270aef44c245cc3.png\",\"width\":1200,\"height\":1200},{\"@type\":\"BreadcrumbList\",\"@id\":\"https:\/\/www.phamviettech.com\/san-pham\/card-man-hinh-nvidia-quadro-600-1gb-128bit-gddr3-chuyen-dung-ve-do-hoa-cho-may-bo-hang-chinh-hang\/#breadcrumb\",\"itemListElement\":[{\"@type\":\"ListItem\",\"position\":1,\"name\":\"Trang ch\u1ee7\",\"item\":\"https:\/\/www.phamviettech.com\/\"},{\"@type\":\"ListItem\",\"position\":2,\"name\":\"C\u1eeda h\u00e0ng\",\"item\":\"https:\/\/www.phamviettech.com\/?page_id=1092\"},{\"@type\":\"ListItem\",\"position\":3,\"name\":\"Card m\u00e0n h\u00ecnh Nvidia Quadro 600 1Gb &#8211; 128bit GDDR3 &#8211; Chuy\u00ean d\u00f9ng v\u1ebd \u0111\u1ed3 h\u1ecda cho m\u00e1y B\u1ed9 &#8211; H\u00e0ng Ch\u00ednh H\u00e3ng\"}]},{\"@type\":\"WebSite\",\"@id\":\"https:\/\/www.phamviettech.com\/#website\",\"url\":\"https:\/\/www.phamviettech.com\/\",\"name\":\"Phamviet Tech\",\"description\":\"Engineering &amp; Investing\",\"publisher\":{\"@id\":\"https:\/\/www.phamviettech.com\/#organization\"},\"potentialAction\":[{\"@type\":\"SearchAction\",\"target\":{\"@type\":\"EntryPoint\",\"urlTemplate\":\"https:\/\/www.phamviettech.com\/?s={search_term_string}\"},\"query-input\":{\"@type\":\"PropertyValueSpecification\",\"valueRequired\":true,\"valueName\":\"search_term_string\"}}],\"inLanguage\":\"en-GB\"},{\"@type\":\"Organization\",\"@id\":\"https:\/\/www.phamviettech.com\/#organization\",\"name\":\"Phamviet Tech\",\"url\":\"https:\/\/www.phamviettech.com\/\",\"logo\":{\"@type\":\"ImageObject\",\"inLanguage\":\"en-GB\",\"@id\":\"https:\/\/www.phamviettech.com\/#\/schema\/logo\/image\/\",\"url\":\"https:\/\/www.phamviettech.com\/wp-content\/uploads\/2022\/07\/logo-small.png\",\"contentUrl\":\"https:\/\/www.phamviettech.com\/wp-content\/uploads\/2022\/07\/logo-small.png\",\"width\":200,\"height\":39,\"caption\":\"Phamviet Tech\"},\"image\":{\"@id\":\"https:\/\/www.phamviettech.com\/#\/schema\/logo\/image\/\"}}]}<\/script>\n<!-- \/ Yoast SEO plugin. -->","yoast_head_json":{"title":"Card m\u00e0n h\u00ecnh Nvidia Quadro 600 1Gb - 128bit GDDR3 - Chuy\u00ean d\u00f9ng v\u1ebd \u0111\u1ed3 h\u1ecda cho m\u00e1y B\u1ed9 - H\u00e0ng Ch\u00ednh H\u00e3ng - Phamviet Tech","robots":{"index":"index","follow":"follow","max-snippet":"max-snippet:-1","max-image-preview":"max-image-preview:large","max-video-preview":"max-video-preview:-1"},"canonical":"https:\/\/www.phamviettech.com\/en\/product\/card-man-hinh-nvidia-quadro-600-1gb-128bit-gddr3-chuyen-dung-ve-do-hoa-cho-may-bo-hang-chinh-hang\/","og_locale":"en_GB","og_type":"article","og_title":"Card m\u00e0n h\u00ecnh Nvidia Quadro 600 1Gb - 128bit GDDR3 - Chuy\u00ean d\u00f9ng v\u1ebd \u0111\u1ed3 h\u1ecda cho m\u00e1y B\u1ed9 - H\u00e0ng Ch\u00ednh H\u00e3ng - Phamviet Tech","og_description":"Th\u00f4ng Tin Chi Ti\u1ebft Th\u01b0\u01a1ng hi\u1ec7u nVIDIA Xu\u1ea5t x\u1ee9 th\u01b0\u01a1ng hi\u1ec7u China Model k600 Xu\u1ea5t x\u1ee9 china Tr\u1ecdng l\u01b0\u1ee3ng s\u1ea3n ph\u1ea9m 0.2 C\u1ed5ng USB display, DVI M\u00f4 T\u1ea3 S\u1ea3n Ph\u1ea9m GA QUADRO 600 1GB 128 bit chuy\u00ean \u0111\u1ed3 h\u1ecda shop corel acad game LOL Card \u0111\u1ed3 h\u1ecda Nvidia Quadro 600 [&hellip;]","og_url":"https:\/\/www.phamviettech.com\/en\/product\/card-man-hinh-nvidia-quadro-600-1gb-128bit-gddr3-chuyen-dung-ve-do-hoa-cho-may-bo-hang-chinh-hang\/","og_site_name":"Phamviet Tech","article_modified_time":"2024-12-16T16:11:17+00:00","og_image":[{"width":1200,"height":1200,"url":"https:\/\/www.phamviettech.com\/wp-content\/uploads\/2022\/10\/a5c8f01ea1e82280a270aef44c245cc3.png","type":"image\/png"}],"twitter_card":"summary_large_image","twitter_misc":{"Estimated reading time":"2 minutes"},"schema":{"@context":"https:\/\/schema.org","@graph":[{"@type":"WebPage","@id":"https:\/\/www.phamviettech.com\/san-pham\/card-man-hinh-nvidia-quadro-600-1gb-128bit-gddr3-chuyen-dung-ve-do-hoa-cho-may-bo-hang-chinh-hang\/","url":"https:\/\/www.phamviettech.com\/san-pham\/card-man-hinh-nvidia-quadro-600-1gb-128bit-gddr3-chuyen-dung-ve-do-hoa-cho-may-bo-hang-chinh-hang\/","name":"Card m\u00e0n h\u00ecnh Nvidia Quadro 600 1Gb - 128bit GDDR3 - Chuy\u00ean d\u00f9ng v\u1ebd \u0111\u1ed3 h\u1ecda cho m\u00e1y B\u1ed9 - H\u00e0ng Ch\u00ednh H\u00e3ng - Phamviet Tech","isPartOf":{"@id":"https:\/\/www.phamviettech.com\/#website"},"primaryImageOfPage":{"@id":"https:\/\/www.phamviettech.com\/san-pham\/card-man-hinh-nvidia-quadro-600-1gb-128bit-gddr3-chuyen-dung-ve-do-hoa-cho-may-bo-hang-chinh-hang\/#primaryimage"},"image":{"@id":"https:\/\/www.phamviettech.com\/san-pham\/card-man-hinh-nvidia-quadro-600-1gb-128bit-gddr3-chuyen-dung-ve-do-hoa-cho-may-bo-hang-chinh-hang\/#primaryimage"},"thumbnailUrl":"https:\/\/www.phamviettech.com\/wp-content\/uploads\/2022\/10\/a5c8f01ea1e82280a270aef44c245cc3.png","datePublished":"2022-10-10T08:14:18+00:00","dateModified":"2024-12-16T16:11:17+00:00","breadcrumb":{"@id":"https:\/\/www.phamviettech.com\/san-pham\/card-man-hinh-nvidia-quadro-600-1gb-128bit-gddr3-chuyen-dung-ve-do-hoa-cho-may-bo-hang-chinh-hang\/#breadcrumb"},"inLanguage":"en-GB","potentialAction":[{"@type":"ReadAction","target":["https:\/\/www.phamviettech.com\/san-pham\/card-man-hinh-nvidia-quadro-600-1gb-128bit-gddr3-chuyen-dung-ve-do-hoa-cho-may-bo-hang-chinh-hang\/"]}]},{"@type":"ImageObject","inLanguage":"en-GB","@id":"https:\/\/www.phamviettech.com\/san-pham\/card-man-hinh-nvidia-quadro-600-1gb-128bit-gddr3-chuyen-dung-ve-do-hoa-cho-may-bo-hang-chinh-hang\/#primaryimage","url":"https:\/\/www.phamviettech.com\/wp-content\/uploads\/2022\/10\/a5c8f01ea1e82280a270aef44c245cc3.png","contentUrl":"https:\/\/www.phamviettech.com\/wp-content\/uploads\/2022\/10\/a5c8f01ea1e82280a270aef44c245cc3.png","width":1200,"height":1200},{"@type":"BreadcrumbList","@id":"https:\/\/www.phamviettech.com\/san-pham\/card-man-hinh-nvidia-quadro-600-1gb-128bit-gddr3-chuyen-dung-ve-do-hoa-cho-may-bo-hang-chinh-hang\/#breadcrumb","itemListElement":[{"@type":"ListItem","position":1,"name":"Trang ch\u1ee7","item":"https:\/\/www.phamviettech.com\/"},{"@type":"ListItem","position":2,"name":"C\u1eeda h\u00e0ng","item":"https:\/\/www.phamviettech.com\/?page_id=1092"},{"@type":"ListItem","position":3,"name":"Card m\u00e0n h\u00ecnh Nvidia Quadro 600 1Gb &#8211; 128bit GDDR3 &#8211; Chuy\u00ean d\u00f9ng v\u1ebd \u0111\u1ed3 h\u1ecda cho m\u00e1y B\u1ed9 &#8211; H\u00e0ng Ch\u00ednh H\u00e3ng"}]},{"@type":"WebSite","@id":"https:\/\/www.phamviettech.com\/#website","url":"https:\/\/www.phamviettech.com\/","name":"Phamviet Tech","description":"Engineering &amp; Investing","publisher":{"@id":"https:\/\/www.phamviettech.com\/#organization"},"potentialAction":[{"@type":"SearchAction","target":{"@type":"EntryPoint","urlTemplate":"https:\/\/www.phamviettech.com\/?s={search_term_string}"},"query-input":{"@type":"PropertyValueSpecification","valueRequired":true,"valueName":"search_term_string"}}],"inLanguage":"en-GB"},{"@type":"Organization","@id":"https:\/\/www.phamviettech.com\/#organization","name":"Phamviet Tech","url":"https:\/\/www.phamviettech.com\/","logo":{"@type":"ImageObject","inLanguage":"en-GB","@id":"https:\/\/www.phamviettech.com\/#\/schema\/logo\/image\/","url":"https:\/\/www.phamviettech.com\/wp-content\/uploads\/2022\/07\/logo-small.png","contentUrl":"https:\/\/www.phamviettech.com\/wp-content\/uploads\/2022\/07\/logo-small.png","width":200,"height":39,"caption":"Phamviet Tech"},"image":{"@id":"https:\/\/www.phamviettech.com\/#\/schema\/logo\/image\/"}}]}},"_links":{"self":[{"href":"https:\/\/www.phamviettech.com\/en\/wp-json\/wp\/v2\/product\/1608","targetHints":{"allow":["GET"]}}],"collection":[{"href":"https:\/\/www.phamviettech.com\/en\/wp-json\/wp\/v2\/product"}],"about":[{"href":"https:\/\/www.phamviettech.com\/en\/wp-json\/wp\/v2\/types\/product"}],"replies":[{"embeddable":true,"href":"https:\/\/www.phamviettech.com\/en\/wp-json\/wp\/v2\/comments?post=1608"}],"wp:featuredmedia":[{"embeddable":true,"href":"https:\/\/www.phamviettech.com\/en\/wp-json\/wp\/v2\/media\/1609"}],"wp:attachment":[{"href":"https:\/\/www.phamviettech.com\/en\/wp-json\/wp\/v2\/media?parent=1608"}],"wp:term":[{"taxonomy":"product_brand","embeddable":true,"href":"https:\/\/www.phamviettech.com\/en\/wp-json\/wp\/v2\/product_brand?post=1608"},{"taxonomy":"product_cat","embeddable":true,"href":"https:\/\/www.phamviettech.com\/en\/wp-json\/wp\/v2\/product_cat?post=1608"},{"taxonomy":"product_tag","embeddable":true,"href":"https:\/\/www.phamviettech.com\/en\/wp-json\/wp\/v2\/product_tag?post=1608"}],"curies":[{"name":"wp","href":"https:\/\/api.w.org\/{rel}","templated":true}]}}