{"id":1351,"date":"2022-08-18T09:37:22","date_gmt":"2022-08-18T02:37:22","guid":{"rendered":"https:\/\/www.phamviettech.com\/?post_type=product&#038;p=1351"},"modified":"2024-12-16T23:11:17","modified_gmt":"2024-12-16T16:11:17","slug":"flycam-ky906-mini-drone-4k","status":"publish","type":"product","link":"https:\/\/www.phamviettech.com\/en\/product\/flycam-ky906-mini-drone-4k\/","title":{"rendered":"Flycam KY906 Mini Drone 4K"},"content":{"rendered":"<h2 class=\"BlockTitle__Wrapper-sc-qpz3fo-0 eHltcn\">Th\u00f4ng Tin Chi Ti\u1ebft<\/h2>\n<div class=\"content has-table\">\n<table>\n<tbody>\n<tr>\n<td>Camera<\/td>\n<td>4k<\/td>\n<\/tr>\n<tr>\n<td>Ph\u1ee5 ki\u1ec7n \u0111i k\u00e8m<\/td>\n<td>1 t\u00fai \u0111\u1ef1ng Flycam, 1 flycam, 1 pin, 1 n\u1eafp b\u1ea3o v\u1ec7, 4 c\u00e1nh bay, 4 khung b\u1ea3o v\u1ec7 c\u00e1nh, 1 tu\u1ed1c n\u01a1 v\u00edt,\u00a0 1 c\u00e1p s\u1eb7c, 1 s\u00e1ch h\u01b0\u1edbng d\u1eabn<\/td>\n<\/tr>\n<tr>\n<td>Th\u01b0\u01a1ng hi\u1ec7u<\/td>\n<td>OEM<\/td>\n<\/tr>\n<tr>\n<td>Xu\u1ea5t x\u1ee9 th\u01b0\u01a1ng hi\u1ec7u<\/td>\n<td>Trung Qu\u1ed1c<\/td>\n<\/tr>\n<tr>\n<td>Model<\/td>\n<td>KY906<\/td>\n<\/tr>\n<tr>\n<td>Xu\u1ea5t x\u1ee9<\/td>\n<td>Trung Qu\u1ed1c<\/td>\n<\/tr>\n<tr>\n<td>Tr\u1ecdng l\u01b0\u1ee3ng<\/td>\n<td>200<\/td>\n<\/tr>\n<\/tbody>\n<\/table>\n<h2 class=\"BlockTitle__Wrapper-sc-qpz3fo-0 eHltcn\">M\u00f4 T\u1ea3 S\u1ea3n Ph\u1ea9m<\/h2>\n<div class=\"content\">\n<div class=\"ToggleContent__Wrapper-sc-1dbmfaw-1 cqXrJr\">\n<div class=\"ToggleContent__View-sc-1dbmfaw-0 wyACs\">\n<picture class=\"webpimg-container\"><source type=\"image\/webp\" srcset=\"https:\/\/salt.tikicdn.com\/cache\/w750\/ts\/tmp\/79\/74\/b3\/626367c910427699f911b313cfcbb5f9.jpg.webp 1x, https:\/\/salt.tikicdn.com\/cache\/w750\/ts\/tmp\/79\/74\/b3\/626367c910427699f911b313cfcbb5f9.jpg.webp 2x\" \/><img loading=\"lazy\" decoding=\"async\" src=\"https:\/\/salt.tikicdn.com\/ts\/tmp\/79\/74\/b3\/626367c910427699f911b313cfcbb5f9.jpg\" alt=\"\" width=\"750\" height=\"677\" srcset=\"https:\/\/salt.tikicdn.com\/cache\/w750\/ts\/tmp\/79\/74\/b3\/626367c910427699f911b313cfcbb5f9.jpg 1x, https:\/\/salt.tikicdn.com\/cache\/w750\/ts\/tmp\/79\/74\/b3\/626367c910427699f911b313cfcbb5f9.jpg 2x\" class=\"WebpImg__StyledImg-sc-h3ozu8-0 fWjUGo\" \/><\/picture>\n<p>T\u00ednh n\u0103ng:<\/p>\n<p>-C\u00f3 th\u1ec3 g\u1eadp l\u1ea1i k\u00edch th\u01b0\u1edbc nh\u1ecf ch\u1ec9 8cm, d\u1ec5 d\u00e0ng mang theo.<\/p>\n<p>-V\u1edbi \u0111\u1ed9 cao gi\u1eef ch\u1ee9c n\u0103ng ch\u1ebf \u0111\u1ed9, chuy\u1ebfn bay l\u00e0 \u1ed5n \u0111\u1ecbnh.<\/p>\n<p>-Trong ch\u1ebf \u0111\u1ed9 kh\u00f4ng \u0111\u1ea7u, c\u00f3 l\u00e0 kh\u00f4ng c\u1ea7n ph\u1ea3i \u0111i\u1ec1u ch\u1ec9nh v\u1ecb tr\u00ed c\u1ee7a m\u00e1y bay tr\u01b0\u1edbc khi bay.<\/p>\n<p>-M\u1ed9t Kh\u00f3a c\u1ea5t c\u00e1nh\/H\u1ea1 C\u00e1nh\/Quay Tr\u1edf L\u1ea1i. D\u1ec5 d\u00e0ng t\u00ecm ki\u1ebfm theo c\u00e1ch c\u1ee7a b\u1ea1n nh\u00e0 s\u1eed d\u1ee5ng m\u1ed9t n\u00fat b\u1ea5m tr\u1edf l\u1ea1i ch\u1ee9c n\u0103ng.<\/p>\n<p>&#8211; V\u1edbi ch\u1ee9c n\u0103ng Wifi, n\u00f3 c\u00f3 th\u1ec3 \u0111\u01b0\u1ee3c k\u1ebft n\u1ed1i v\u1edbi c\u00e1c \u1ee9ng d\u1ee5ng, APK h\u1ec7 th\u1ed1ng, v\u00e0 ch\u1ee5p \u1ea3nh, video, v\u00e0 th\u1eddi gian th\u1ef1c truy\u1ec1n th\u00f4ng qua \u0111i\u1ec7n tho\u1ea1i di \u0111\u1ed9ng camera h\u00ecnh \u1ea3nh.<\/p>\n<p>&#8211; Camera V\u1ebd m\u1ed9t \u0111\u01b0\u1eddng bay tr\u00ean m\u00e0n h\u00ecnh, m\u00e1y bay s\u1ebd bay t\u1ef1 tr\u1ecb c\u00f9ng quy \u0110\u1ecbnh Con \u0111\u01b0\u1eddng. -3.7V 500mAh M\u00f4 \u0111un pin, d\u1ec5 d\u00e0ng l\u1eafp \u0111\u1eb7t v\u00e0 l\u1ea5y, tu\u1ed5i th\u1ecd pin l\u00ean \u0111\u1ebfn 12 ph\u00fat. -2.4GHz ch\u1ed1ng nhi\u1ec5u.<\/p>\n<p>-4 k\u00eanh cho Ascent, g\u1ed1c, ti\u1ebfn, l\u00f9i, tr\u00e1i chuy\u1ebfn bay, ph\u1ea3i chuy\u1ebfn bay v\u00e0 360 \u00b0 cu\u1ed9n.<\/p>\n<p>-6 tr\u1ee5c con quay h\u1ed3i chuy\u1ec3n, m\u01b0\u1ee3t m\u00e0 h\u01a1n chuy\u1ebfn bay v\u00e0 th\u00eam \u0111i\u1ec1u khi\u1ec3n ti\u1ec7n l\u1ee3i.<\/p>\n<p>-\u0110\u00e8n LED l\u00e0m bay th\u00eam \u0111\u1eb9p m\u1eaft, \u0111\u1eb7c bi\u1ec7t l\u00e0 trong b\u00f3ng t\u1ed1i.<\/p>\n<p>* Ch\u1ee9c n\u0103ng: L\u00ean\/Xu\u1ed1ng, Ti\u1ebfn\/L\u00f9i, Tr\u00e1i\/Ph\u1ea3i L\u1ea7n L\u01b0\u1ee3t, B\u00ean Chuy\u1ebfn Bay, LED \u00c1nh S\u00e1ng, Ch\u1ebf \u0111\u1ed9 kh\u00f4ng \u0111\u1ea7u, M\u1ed9t n\u00fat b\u1ea5m T\u1ef1 \u0110\u1ed9ng Tr\u1edf L\u1ea1i, \u0110\u1ed9 Cao Gi\u1eef Ch\u1ebf \u0110\u1ed9, 360 \u00b0 C\u00e1n, wifi FPV<\/p>\n<picture class=\"webpimg-container\"><source type=\"image\/webp\" srcset=\"https:\/\/salt.tikicdn.com\/cache\/w750\/ts\/tmp\/93\/7e\/86\/838941d6e5d07ac93644fd40ac80f4bb.jpg.webp 1x, https:\/\/salt.tikicdn.com\/cache\/w750\/ts\/tmp\/93\/7e\/86\/838941d6e5d07ac93644fd40ac80f4bb.jpg.webp 2x\" \/><img loading=\"lazy\" decoding=\"async\" src=\"https:\/\/salt.tikicdn.com\/ts\/tmp\/93\/7e\/86\/838941d6e5d07ac93644fd40ac80f4bb.jpg\" alt=\"\" width=\"750\" height=\"750\" srcset=\"https:\/\/salt.tikicdn.com\/cache\/w750\/ts\/tmp\/93\/7e\/86\/838941d6e5d07ac93644fd40ac80f4bb.jpg 1x, https:\/\/salt.tikicdn.com\/cache\/w750\/ts\/tmp\/93\/7e\/86\/838941d6e5d07ac93644fd40ac80f4bb.jpg 2x\" class=\"WebpImg__StyledImg-sc-h3ozu8-0 fWjUGo\" \/><\/picture>\n<p>M\u00e3 S\u1ea3n ph\u1ea9m: KY906 Mini Drone<\/p>\n<p>M\u00e0u s\u1eafc s\u1ea3n ph\u1ea9m: M\u00e0u x\u00e1m\/\u0111en<\/p>\n<p>K\u00edch th\u01b0\u1edbc s\u1ea3n ph\u1ea9m: 14.8*13.3*3.6cm (m\u1edf r\u1ed9ng)<\/p>\n<p>Pin: 3.7V 800mAh M\u00f4 \u0111un Pin<\/p>\n<p>Pin \u0111i\u1ec1u khi\u1ec3n t\u1eeb xa: AAA * 4 (kh\u00f4ng bao g\u1ed3m)<\/p>\n<p>Ph\u01b0\u01a1ng ph\u00e1p s\u1ea1c: USB<\/p>\n<p>Th\u1eddi gian s\u1ea1c: kho\u1ea3ng 60 ph\u00fat<\/p>\n<p>Th\u1eddi gian bay: kho\u1ea3ng 15 ph\u00fat<\/p>\n<p>Kho\u1ea3ng c\u00e1ch \u0111i\u1ec1u khi\u1ec3n t\u1eeb xa: Kho\u1ea3ng 100 m\u00e9t<\/p>\n<p>Bay cao: kho\u1ea3ng 100 m\u00e9t<\/p>\n<p>Chuy\u1ebfn bay m\u00f4i tr\u01b0\u1eddng: Trong nh\u00e0\/ngo\u00e0i tr\u1eddi<\/p>\n<p>Bao b\u00ec s\u1ea3n ph\u1ea9m<\/p>\n<p>M\u00e1y bay * 1<\/p>\n<p>\u0110i\u1ec1u khi\u1ec3n t\u1eeb xa * 1<\/p>\n<p>C\u01a1 th\u1ec3 pin * 1<\/p>\n<p>V\u1ecf b\u1ea3o v\u1ec7 * 4<\/p>\n<p>L\u01b0\u1ee1i dao d\u1ef1 ph\u00f2ng * 4<\/p>\n<p>Tua v\u00edt * 1<\/p>\n<p>C\u00e1p s\u1ea1c * 1<\/p>\n<p>S\u00e1ch h\u01b0\u1edbng d\u1eabn s\u1eed d\u1ee5ng * 1<\/p>\n<picture class=\"webpimg-container\"><source type=\"image\/webp\" srcset=\"https:\/\/salt.tikicdn.com\/cache\/w750\/ts\/tmp\/65\/d1\/33\/062e815aba39e4115463d1aed9722ff5.jpg.webp 1x, https:\/\/salt.tikicdn.com\/cache\/w750\/ts\/tmp\/65\/d1\/33\/062e815aba39e4115463d1aed9722ff5.jpg.webp 2x\" \/><img loading=\"lazy\" decoding=\"async\" src=\"https:\/\/salt.tikicdn.com\/ts\/tmp\/65\/d1\/33\/062e815aba39e4115463d1aed9722ff5.jpg\" alt=\"\" width=\"750\" height=\"815\" srcset=\"https:\/\/salt.tikicdn.com\/cache\/w750\/ts\/tmp\/65\/d1\/33\/062e815aba39e4115463d1aed9722ff5.jpg 1x, https:\/\/salt.tikicdn.com\/cache\/w750\/ts\/tmp\/65\/d1\/33\/062e815aba39e4115463d1aed9722ff5.jpg 2x\" class=\"WebpImg__StyledImg-sc-h3ozu8-0 fWjUGo\" \/><\/picture>\n<picture class=\"webpimg-container\"><source type=\"image\/webp\" srcset=\"https:\/\/salt.tikicdn.com\/cache\/w750\/ts\/tmp\/d3\/ab\/d1\/4599a0250f8f266e07ea842538e0c2e0.jpg.webp 1x, https:\/\/salt.tikicdn.com\/cache\/w750\/ts\/tmp\/d3\/ab\/d1\/4599a0250f8f266e07ea842538e0c2e0.jpg.webp 2x\" \/><img loading=\"lazy\" decoding=\"async\" src=\"https:\/\/salt.tikicdn.com\/ts\/tmp\/d3\/ab\/d1\/4599a0250f8f266e07ea842538e0c2e0.jpg\" alt=\"\" width=\"750\" height=\"778\" srcset=\"https:\/\/salt.tikicdn.com\/cache\/w750\/ts\/tmp\/d3\/ab\/d1\/4599a0250f8f266e07ea842538e0c2e0.jpg 1x, https:\/\/salt.tikicdn.com\/cache\/w750\/ts\/tmp\/d3\/ab\/d1\/4599a0250f8f266e07ea842538e0c2e0.jpg 2x\" class=\"WebpImg__StyledImg-sc-h3ozu8-0 fWjUGo\" \/><\/picture>\n<picture class=\"webpimg-container\"><source type=\"image\/webp\" srcset=\"https:\/\/salt.tikicdn.com\/cache\/w750\/ts\/tmp\/de\/4b\/03\/c40a9787e95301649cf0e145e6b040ea.jpg.webp 1x, https:\/\/salt.tikicdn.com\/cache\/w750\/ts\/tmp\/de\/4b\/03\/c40a9787e95301649cf0e145e6b040ea.jpg.webp 2x\" \/><img loading=\"lazy\" decoding=\"async\" src=\"https:\/\/salt.tikicdn.com\/ts\/tmp\/de\/4b\/03\/c40a9787e95301649cf0e145e6b040ea.jpg\" alt=\"\" width=\"750\" height=\"626\" srcset=\"https:\/\/salt.tikicdn.com\/cache\/w750\/ts\/tmp\/de\/4b\/03\/c40a9787e95301649cf0e145e6b040ea.jpg 1x, https:\/\/salt.tikicdn.com\/cache\/w750\/ts\/tmp\/de\/4b\/03\/c40a9787e95301649cf0e145e6b040ea.jpg 2x\" class=\"WebpImg__StyledImg-sc-h3ozu8-0 fWjUGo\" \/><\/picture>\n<picture class=\"webpimg-container\"><source type=\"image\/webp\" srcset=\"https:\/\/salt.tikicdn.com\/cache\/w750\/ts\/tmp\/ce\/66\/a9\/8df2fb79340160ad23628e386adb0d97.jpg.webp 1x, https:\/\/salt.tikicdn.com\/cache\/w750\/ts\/tmp\/ce\/66\/a9\/8df2fb79340160ad23628e386adb0d97.jpg.webp 2x\" \/><img loading=\"lazy\" decoding=\"async\" src=\"https:\/\/salt.tikicdn.com\/ts\/tmp\/ce\/66\/a9\/8df2fb79340160ad23628e386adb0d97.jpg\" alt=\"\" width=\"750\" height=\"836\" srcset=\"https:\/\/salt.tikicdn.com\/cache\/w750\/ts\/tmp\/ce\/66\/a9\/8df2fb79340160ad23628e386adb0d97.jpg 1x, https:\/\/salt.tikicdn.com\/cache\/w750\/ts\/tmp\/ce\/66\/a9\/8df2fb79340160ad23628e386adb0d97.jpg 2x\" class=\"WebpImg__StyledImg-sc-h3ozu8-0 fWjUGo\" \/><\/picture>\n<picture class=\"webpimg-container\"><source type=\"image\/webp\" srcset=\"https:\/\/salt.tikicdn.com\/cache\/w750\/ts\/tmp\/6b\/9a\/3a\/b538c326a1e06c61028cea970fccdfd5.jpg.webp 1x, https:\/\/salt.tikicdn.com\/cache\/w750\/ts\/tmp\/6b\/9a\/3a\/b538c326a1e06c61028cea970fccdfd5.jpg.webp 2x\" \/><img loading=\"lazy\" decoding=\"async\" src=\"https:\/\/salt.tikicdn.com\/ts\/tmp\/6b\/9a\/3a\/b538c326a1e06c61028cea970fccdfd5.jpg\" alt=\"\" width=\"750\" height=\"663\" srcset=\"https:\/\/salt.tikicdn.com\/cache\/w750\/ts\/tmp\/6b\/9a\/3a\/b538c326a1e06c61028cea970fccdfd5.jpg 1x, https:\/\/salt.tikicdn.com\/cache\/w750\/ts\/tmp\/6b\/9a\/3a\/b538c326a1e06c61028cea970fccdfd5.jpg 2x\" class=\"WebpImg__StyledImg-sc-h3ozu8-0 fWjUGo\" \/><\/picture>\n<picture class=\"webpimg-container\"><source type=\"image\/webp\" srcset=\"https:\/\/salt.tikicdn.com\/cache\/w750\/ts\/tmp\/14\/50\/06\/052b5863343e9866f549d50db7a86143.jpg.webp 1x, https:\/\/salt.tikicdn.com\/cache\/w750\/ts\/tmp\/14\/50\/06\/052b5863343e9866f549d50db7a86143.jpg.webp 2x\" \/><img loading=\"lazy\" decoding=\"async\" src=\"https:\/\/salt.tikicdn.com\/ts\/tmp\/14\/50\/06\/052b5863343e9866f549d50db7a86143.jpg\" alt=\"\" width=\"750\" height=\"1261\" srcset=\"https:\/\/salt.tikicdn.com\/cache\/w750\/ts\/tmp\/14\/50\/06\/052b5863343e9866f549d50db7a86143.jpg 1x, https:\/\/salt.tikicdn.com\/cache\/w750\/ts\/tmp\/14\/50\/06\/052b5863343e9866f549d50db7a86143.jpg 2x\" class=\"WebpImg__StyledImg-sc-h3ozu8-0 fWjUGo\" \/><\/picture>\n<picture class=\"webpimg-container\"><source type=\"image\/webp\" srcset=\"https:\/\/salt.tikicdn.com\/cache\/w750\/ts\/tmp\/14\/85\/00\/8e7eada836ae31cf3a3f55b28a3f801e.jpg.webp 1x, https:\/\/salt.tikicdn.com\/cache\/w750\/ts\/tmp\/14\/85\/00\/8e7eada836ae31cf3a3f55b28a3f801e.jpg.webp 2x\" \/><img loading=\"lazy\" decoding=\"async\" src=\"https:\/\/salt.tikicdn.com\/ts\/tmp\/14\/85\/00\/8e7eada836ae31cf3a3f55b28a3f801e.jpg\" alt=\"\" width=\"750\" height=\"562\" srcset=\"https:\/\/salt.tikicdn.com\/cache\/w750\/ts\/tmp\/14\/85\/00\/8e7eada836ae31cf3a3f55b28a3f801e.jpg 1x, https:\/\/salt.tikicdn.com\/cache\/w750\/ts\/tmp\/14\/85\/00\/8e7eada836ae31cf3a3f55b28a3f801e.jpg 2x\" class=\"WebpImg__StyledImg-sc-h3ozu8-0 fWjUGo\" \/><\/picture>\n<\/div>\n<\/div>\n<\/div>\n<\/div>","protected":false},"excerpt":{"rendered":"<p>Th\u00f4ng Tin Chi Ti\u1ebft Camera 4k Ph\u1ee5 ki\u1ec7n \u0111i k\u00e8m 1 t\u00fai \u0111\u1ef1ng Flycam, 1 flycam, 1 pin, 1 n\u1eafp b\u1ea3o v\u1ec7, 4 c\u00e1nh bay, 4 khung b\u1ea3o v\u1ec7 c\u00e1nh, 1 tu\u1ed1c n\u01a1 v\u00edt,\u00a0 1 c\u00e1p s\u1eb7c, 1 s\u00e1ch h\u01b0\u1edbng d\u1eabn Th\u01b0\u01a1ng hi\u1ec7u OEM Xu\u1ea5t x\u1ee9 th\u01b0\u01a1ng hi\u1ec7u Trung Qu\u1ed1c [&hellip;]<\/p>","protected":false},"featured_media":1357,"comment_status":"open","ping_status":"closed","template":"","meta":{"_monsterinsights_skip_tracking":false,"_monsterinsights_sitenote_active":false,"_monsterinsights_sitenote_note":"","_monsterinsights_sitenote_category":0},"product_brand":[],"product_cat":[98],"product_tag":[99,100],"class_list":{"0":"post-1351","1":"product","2":"type-product","3":"status-publish","4":"has-post-thumbnail","6":"product_cat-all-products","7":"product_tag-drone","8":"product_tag-flycam","10":"first","11":"instock","12":"sale","13":"shipping-taxable","14":"purchasable","15":"product-type-simple"},"yoast_head":"<!-- This site is optimized with the Yoast SEO plugin v25.7 - https:\/\/yoast.com\/wordpress\/plugins\/seo\/ -->\n<title>Flycam KY906 Mini Drone 4K - Phamviet Tech<\/title>\n<meta name=\"robots\" content=\"index, follow, max-snippet:-1, max-image-preview:large, max-video-preview:-1\" \/>\n<link rel=\"canonical\" href=\"https:\/\/www.phamviettech.com\/en\/product\/flycam-ky906-mini-drone-4k\/\" \/>\n<meta property=\"og:locale\" content=\"en_GB\" \/>\n<meta property=\"og:type\" content=\"article\" \/>\n<meta property=\"og:title\" content=\"Flycam KY906 Mini Drone 4K - Phamviet Tech\" \/>\n<meta property=\"og:description\" content=\"Th\u00f4ng Tin Chi Ti\u1ebft Camera 4k Ph\u1ee5 ki\u1ec7n \u0111i k\u00e8m 1 t\u00fai \u0111\u1ef1ng Flycam, 1 flycam, 1 pin, 1 n\u1eafp b\u1ea3o v\u1ec7, 4 c\u00e1nh bay, 4 khung b\u1ea3o v\u1ec7 c\u00e1nh, 1 tu\u1ed1c n\u01a1 v\u00edt,\u00a0 1 c\u00e1p s\u1eb7c, 1 s\u00e1ch h\u01b0\u1edbng d\u1eabn Th\u01b0\u01a1ng hi\u1ec7u OEM Xu\u1ea5t x\u1ee9 th\u01b0\u01a1ng hi\u1ec7u Trung Qu\u1ed1c [&hellip;]\" \/>\n<meta property=\"og:url\" content=\"https:\/\/www.phamviettech.com\/en\/product\/flycam-ky906-mini-drone-4k\/\" \/>\n<meta property=\"og:site_name\" content=\"Phamviet Tech\" \/>\n<meta property=\"article:modified_time\" content=\"2024-12-16T16:11:17+00:00\" \/>\n<meta property=\"og:image\" content=\"https:\/\/www.phamviettech.com\/wp-content\/uploads\/2022\/08\/2240030b4a8752640e010d83b2966b0d.jpg\" \/>\n\t<meta property=\"og:image:width\" content=\"1200\" \/>\n\t<meta property=\"og:image:height\" content=\"1200\" \/>\n\t<meta property=\"og:image:type\" content=\"image\/jpeg\" \/>\n<meta name=\"twitter:card\" content=\"summary_large_image\" \/>\n<meta name=\"twitter:label1\" content=\"Estimated reading time\" \/>\n\t<meta name=\"twitter:data1\" content=\"5 minutes\" \/>\n<script type=\"application\/ld+json\" class=\"yoast-schema-graph\">{\"@context\":\"https:\/\/schema.org\",\"@graph\":[{\"@type\":\"WebPage\",\"@id\":\"https:\/\/www.phamviettech.com\/san-pham\/flycam-ky906-mini-drone-4k\/\",\"url\":\"https:\/\/www.phamviettech.com\/san-pham\/flycam-ky906-mini-drone-4k\/\",\"name\":\"Flycam KY906 Mini Drone 4K - Phamviet Tech\",\"isPartOf\":{\"@id\":\"https:\/\/www.phamviettech.com\/#website\"},\"primaryImageOfPage\":{\"@id\":\"https:\/\/www.phamviettech.com\/san-pham\/flycam-ky906-mini-drone-4k\/#primaryimage\"},\"image\":{\"@id\":\"https:\/\/www.phamviettech.com\/san-pham\/flycam-ky906-mini-drone-4k\/#primaryimage\"},\"thumbnailUrl\":\"https:\/\/www.phamviettech.com\/wp-content\/uploads\/2022\/08\/2240030b4a8752640e010d83b2966b0d.jpg\",\"datePublished\":\"2022-08-18T02:37:22+00:00\",\"dateModified\":\"2024-12-16T16:11:17+00:00\",\"breadcrumb\":{\"@id\":\"https:\/\/www.phamviettech.com\/san-pham\/flycam-ky906-mini-drone-4k\/#breadcrumb\"},\"inLanguage\":\"en-GB\",\"potentialAction\":[{\"@type\":\"ReadAction\",\"target\":[\"https:\/\/www.phamviettech.com\/san-pham\/flycam-ky906-mini-drone-4k\/\"]}]},{\"@type\":\"ImageObject\",\"inLanguage\":\"en-GB\",\"@id\":\"https:\/\/www.phamviettech.com\/san-pham\/flycam-ky906-mini-drone-4k\/#primaryimage\",\"url\":\"https:\/\/www.phamviettech.com\/wp-content\/uploads\/2022\/08\/2240030b4a8752640e010d83b2966b0d.jpg\",\"contentUrl\":\"https:\/\/www.phamviettech.com\/wp-content\/uploads\/2022\/08\/2240030b4a8752640e010d83b2966b0d.jpg\",\"width\":1200,\"height\":1200},{\"@type\":\"BreadcrumbList\",\"@id\":\"https:\/\/www.phamviettech.com\/san-pham\/flycam-ky906-mini-drone-4k\/#breadcrumb\",\"itemListElement\":[{\"@type\":\"ListItem\",\"position\":1,\"name\":\"Trang ch\u1ee7\",\"item\":\"https:\/\/www.phamviettech.com\/\"},{\"@type\":\"ListItem\",\"position\":2,\"name\":\"C\u1eeda h\u00e0ng\",\"item\":\"https:\/\/www.phamviettech.com\/?page_id=1092\"},{\"@type\":\"ListItem\",\"position\":3,\"name\":\"Flycam KY906 Mini Drone 4K\"}]},{\"@type\":\"WebSite\",\"@id\":\"https:\/\/www.phamviettech.com\/#website\",\"url\":\"https:\/\/www.phamviettech.com\/\",\"name\":\"Phamviet Tech\",\"description\":\"Engineering &amp; Investing\",\"publisher\":{\"@id\":\"https:\/\/www.phamviettech.com\/#organization\"},\"potentialAction\":[{\"@type\":\"SearchAction\",\"target\":{\"@type\":\"EntryPoint\",\"urlTemplate\":\"https:\/\/www.phamviettech.com\/?s={search_term_string}\"},\"query-input\":{\"@type\":\"PropertyValueSpecification\",\"valueRequired\":true,\"valueName\":\"search_term_string\"}}],\"inLanguage\":\"en-GB\"},{\"@type\":\"Organization\",\"@id\":\"https:\/\/www.phamviettech.com\/#organization\",\"name\":\"Phamviet Tech\",\"url\":\"https:\/\/www.phamviettech.com\/\",\"logo\":{\"@type\":\"ImageObject\",\"inLanguage\":\"en-GB\",\"@id\":\"https:\/\/www.phamviettech.com\/#\/schema\/logo\/image\/\",\"url\":\"https:\/\/www.phamviettech.com\/wp-content\/uploads\/2022\/07\/logo-small.png\",\"contentUrl\":\"https:\/\/www.phamviettech.com\/wp-content\/uploads\/2022\/07\/logo-small.png\",\"width\":200,\"height\":39,\"caption\":\"Phamviet Tech\"},\"image\":{\"@id\":\"https:\/\/www.phamviettech.com\/#\/schema\/logo\/image\/\"}}]}<\/script>\n<!-- \/ Yoast SEO plugin. -->","yoast_head_json":{"title":"Flycam KY906 Mini Drone 4K - Phamviet Tech","robots":{"index":"index","follow":"follow","max-snippet":"max-snippet:-1","max-image-preview":"max-image-preview:large","max-video-preview":"max-video-preview:-1"},"canonical":"https:\/\/www.phamviettech.com\/en\/product\/flycam-ky906-mini-drone-4k\/","og_locale":"en_GB","og_type":"article","og_title":"Flycam KY906 Mini Drone 4K - Phamviet Tech","og_description":"Th\u00f4ng Tin Chi Ti\u1ebft Camera 4k Ph\u1ee5 ki\u1ec7n \u0111i k\u00e8m 1 t\u00fai \u0111\u1ef1ng Flycam, 1 flycam, 1 pin, 1 n\u1eafp b\u1ea3o v\u1ec7, 4 c\u00e1nh bay, 4 khung b\u1ea3o v\u1ec7 c\u00e1nh, 1 tu\u1ed1c n\u01a1 v\u00edt,\u00a0 1 c\u00e1p s\u1eb7c, 1 s\u00e1ch h\u01b0\u1edbng d\u1eabn Th\u01b0\u01a1ng hi\u1ec7u OEM Xu\u1ea5t x\u1ee9 th\u01b0\u01a1ng hi\u1ec7u Trung Qu\u1ed1c [&hellip;]","og_url":"https:\/\/www.phamviettech.com\/en\/product\/flycam-ky906-mini-drone-4k\/","og_site_name":"Phamviet Tech","article_modified_time":"2024-12-16T16:11:17+00:00","og_image":[{"width":1200,"height":1200,"url":"https:\/\/www.phamviettech.com\/wp-content\/uploads\/2022\/08\/2240030b4a8752640e010d83b2966b0d.jpg","type":"image\/jpeg"}],"twitter_card":"summary_large_image","twitter_misc":{"Estimated reading time":"5 minutes"},"schema":{"@context":"https:\/\/schema.org","@graph":[{"@type":"WebPage","@id":"https:\/\/www.phamviettech.com\/san-pham\/flycam-ky906-mini-drone-4k\/","url":"https:\/\/www.phamviettech.com\/san-pham\/flycam-ky906-mini-drone-4k\/","name":"Flycam KY906 Mini Drone 4K - Phamviet Tech","isPartOf":{"@id":"https:\/\/www.phamviettech.com\/#website"},"primaryImageOfPage":{"@id":"https:\/\/www.phamviettech.com\/san-pham\/flycam-ky906-mini-drone-4k\/#primaryimage"},"image":{"@id":"https:\/\/www.phamviettech.com\/san-pham\/flycam-ky906-mini-drone-4k\/#primaryimage"},"thumbnailUrl":"https:\/\/www.phamviettech.com\/wp-content\/uploads\/2022\/08\/2240030b4a8752640e010d83b2966b0d.jpg","datePublished":"2022-08-18T02:37:22+00:00","dateModified":"2024-12-16T16:11:17+00:00","breadcrumb":{"@id":"https:\/\/www.phamviettech.com\/san-pham\/flycam-ky906-mini-drone-4k\/#breadcrumb"},"inLanguage":"en-GB","potentialAction":[{"@type":"ReadAction","target":["https:\/\/www.phamviettech.com\/san-pham\/flycam-ky906-mini-drone-4k\/"]}]},{"@type":"ImageObject","inLanguage":"en-GB","@id":"https:\/\/www.phamviettech.com\/san-pham\/flycam-ky906-mini-drone-4k\/#primaryimage","url":"https:\/\/www.phamviettech.com\/wp-content\/uploads\/2022\/08\/2240030b4a8752640e010d83b2966b0d.jpg","contentUrl":"https:\/\/www.phamviettech.com\/wp-content\/uploads\/2022\/08\/2240030b4a8752640e010d83b2966b0d.jpg","width":1200,"height":1200},{"@type":"BreadcrumbList","@id":"https:\/\/www.phamviettech.com\/san-pham\/flycam-ky906-mini-drone-4k\/#breadcrumb","itemListElement":[{"@type":"ListItem","position":1,"name":"Trang ch\u1ee7","item":"https:\/\/www.phamviettech.com\/"},{"@type":"ListItem","position":2,"name":"C\u1eeda h\u00e0ng","item":"https:\/\/www.phamviettech.com\/?page_id=1092"},{"@type":"ListItem","position":3,"name":"Flycam KY906 Mini Drone 4K"}]},{"@type":"WebSite","@id":"https:\/\/www.phamviettech.com\/#website","url":"https:\/\/www.phamviettech.com\/","name":"Phamviet Tech","description":"Engineering &amp; Investing","publisher":{"@id":"https:\/\/www.phamviettech.com\/#organization"},"potentialAction":[{"@type":"SearchAction","target":{"@type":"EntryPoint","urlTemplate":"https:\/\/www.phamviettech.com\/?s={search_term_string}"},"query-input":{"@type":"PropertyValueSpecification","valueRequired":true,"valueName":"search_term_string"}}],"inLanguage":"en-GB"},{"@type":"Organization","@id":"https:\/\/www.phamviettech.com\/#organization","name":"Phamviet Tech","url":"https:\/\/www.phamviettech.com\/","logo":{"@type":"ImageObject","inLanguage":"en-GB","@id":"https:\/\/www.phamviettech.com\/#\/schema\/logo\/image\/","url":"https:\/\/www.phamviettech.com\/wp-content\/uploads\/2022\/07\/logo-small.png","contentUrl":"https:\/\/www.phamviettech.com\/wp-content\/uploads\/2022\/07\/logo-small.png","width":200,"height":39,"caption":"Phamviet Tech"},"image":{"@id":"https:\/\/www.phamviettech.com\/#\/schema\/logo\/image\/"}}]}},"_links":{"self":[{"href":"https:\/\/www.phamviettech.com\/en\/wp-json\/wp\/v2\/product\/1351","targetHints":{"allow":["GET"]}}],"collection":[{"href":"https:\/\/www.phamviettech.com\/en\/wp-json\/wp\/v2\/product"}],"about":[{"href":"https:\/\/www.phamviettech.com\/en\/wp-json\/wp\/v2\/types\/product"}],"replies":[{"embeddable":true,"href":"https:\/\/www.phamviettech.com\/en\/wp-json\/wp\/v2\/comments?post=1351"}],"wp:featuredmedia":[{"embeddable":true,"href":"https:\/\/www.phamviettech.com\/en\/wp-json\/wp\/v2\/media\/1357"}],"wp:attachment":[{"href":"https:\/\/www.phamviettech.com\/en\/wp-json\/wp\/v2\/media?parent=1351"}],"wp:term":[{"taxonomy":"product_brand","embeddable":true,"href":"https:\/\/www.phamviettech.com\/en\/wp-json\/wp\/v2\/product_brand?post=1351"},{"taxonomy":"product_cat","embeddable":true,"href":"https:\/\/www.phamviettech.com\/en\/wp-json\/wp\/v2\/product_cat?post=1351"},{"taxonomy":"product_tag","embeddable":true,"href":"https:\/\/www.phamviettech.com\/en\/wp-json\/wp\/v2\/product_tag?post=1351"}],"curies":[{"name":"wp","href":"https:\/\/api.w.org\/{rel}","templated":true}]}}