{"id":263,"date":"2021-09-11T08:28:54","date_gmt":"2021-09-11T01:28:54","guid":{"rendered":"https:\/\/www.eanalyst.net\/?page_id=263"},"modified":"2024-08-09T21:23:43","modified_gmt":"2024-08-09T14:23:43","slug":"field-of-activities","status":"publish","type":"page","link":"https:\/\/www.phamviettech.com\/en\/field-of-activities\/","title":{"rendered":"Field of activities"},"content":{"rendered":"<div class=\"vce-row-container\" data-vce-boxed-width=\"true\"><div class=\"vce-row vce-row--col-gap-30 vce-row-equal-height vce-row-content--top\" id=\"el-373f4a41\" data-vce-do-apply=\"all el-373f4a41\"><div class=\"vce-row-content\" data-vce-element-content=\"true\"><div class=\"vce-col vce-col--md-auto vce-col--xs-1 vce-col--xs-last vce-col--xs-first vce-col--sm-last vce-col--sm-first vce-col--md-last vce-col--lg-last vce-col--xl-last vce-col--md-first vce-col--lg-first vce-col--xl-first\" id=\"el-6aafcc7a\"><div class=\"vce-col-inner\" data-vce-do-apply=\"border margin background  el-6aafcc7a\"><div class=\"vce-col-content\" data-vce-element-content=\"true\" data-vce-do-apply=\"padding el-6aafcc7a\"><div class=\"vce-text-block\"><div class=\"vce-text-block-wrapper vce\" id=\"el-a1fff7a9\" data-vce-do-apply=\"all el-a1fff7a9\"><h1 style=\"cursor: text; text-align: left;\"><span style=\"cursor: text;\">I. RESEARCH - DEVELOPE MACHINES<\/span>&nbsp;<\/h1><\/div><\/div><\/div><\/div><\/div><\/div><\/div><\/div><div class=\"vce-row-container\" data-vce-boxed-width=\"true\"><div class=\"vce-row vce-row--col-gap-30 vce-row-equal-height vce-row-content--top\" id=\"el-90b7ce93\" data-vce-do-apply=\"all el-90b7ce93\"><div class=\"vce-row-content\" data-vce-element-content=\"true\"><div class=\"vce-col vce-col--md-auto vce-col--xs-1 vce-col--xs-last vce-col--xs-first vce-col--sm-last vce-col--sm-first vce-col--md-last vce-col--lg-last vce-col--xl-last vce-col--md-first vce-col--lg-first vce-col--xl-first\" id=\"el-7010fb29\"><div class=\"vce-col-inner\" data-vce-do-apply=\"border margin background  el-7010fb29\"><div class=\"vce-col-content\" data-vce-element-content=\"true\" data-vce-do-apply=\"padding el-7010fb29\"><div class=\"vcv-row-control-wrapper\"><\/div><\/div><\/div><\/div><\/div><\/div><\/div><div class=\"vce-row-container\" data-vce-boxed-width=\"true\"><div class=\"vce-row vce-row--col-gap-30 vce-row-equal-height vce-row-content--top\" id=\"el-8f68e5be\" data-vce-do-apply=\"all el-8f68e5be\"><div class=\"vce-row-content\" data-vce-element-content=\"true\"><div class=\"vce-col vce-col--md-auto vce-col--xs-1 vce-col--xs-last vce-col--xs-first vce-col--sm-last vce-col--sm-first vce-col--md-last vce-col--lg-last vce-col--xl-last vce-col--md-first vce-col--lg-first vce-col--xl-first\" id=\"el-f4e74d59\"><div class=\"vce-col-inner\" data-vce-do-apply=\"border margin background  el-f4e74d59\"><div class=\"vce-col-content\" data-vce-element-content=\"true\" data-vce-do-apply=\"padding el-f4e74d59\"><div class=\"vce-row-container\" data-vce-boxed-width=\"true\"><div class=\"vce-row vce-row--col-gap-30 vce-row-equal-height vce-row-content--top\" id=\"el-bcb7664c\" data-vce-do-apply=\"all el-bcb7664c\"><div class=\"vce-row-content\" data-vce-element-content=\"true\"><div class=\"vce-col vce-col--md-auto vce-col--xs-1 vce-col--xs-last vce-col--xs-first vce-col--sm-last vce-col--sm-first vce-col--md-first vce-col--lg-first vce-col--xl-first\" id=\"el-944707b6\"><div class=\"vce-col-inner\" data-vce-do-apply=\"border margin background  el-944707b6\"><div class=\"vce-col-content\" data-vce-element-content=\"true\" data-vce-do-apply=\"padding el-944707b6\"><div class=\"vce-single-image-container vce-single-image--align-left\"><div class=\"vce vce-single-image-wrapper\" id=\"el-a0f4890a\" data-vce-do-apply=\"all el-a0f4890a\"><figure><div class=\"vce-single-image-figure-inner\" style=\"width: 1024px;\"><div class=\"vce-single-image-inner vce-single-image--absolute\" style=\"width: 100%; padding-bottom: 56.1523%;\"><img loading=\"lazy\" decoding=\"async\" class=\"vce-single-image\"  width=\"1024\" height=\"575\" srcset=\"https:\/\/www.phamviettech.com\/wp-content\/uploads\/2022\/04\/Automobile-2-1024x575.jpg 1024w, https:\/\/www.phamviettech.com\/wp-content\/uploads\/2024\/08\/Automobile-2-320x180.jpg 320w, https:\/\/www.phamviettech.com\/wp-content\/uploads\/2024\/08\/Automobile-2-480x270.jpg 480w\" src=\"https:\/\/www.phamviettech.com\/wp-content\/uploads\/2022\/04\/Automobile-2-1024x575.jpg\" data-img-src=\"https:\/\/www.phamviettech.com\/wp-content\/uploads\/2022\/04\/Automobile-2.jpg\" data-attachment-id=\"995\"  alt=\"\" title=\"Automobile\" \/><\/div><\/div><figcaption hidden=\"\"><\/figcaption><\/figure><\/div><\/div><\/div><\/div><\/div><div class=\"vce-col vce-col--md-auto vce-col--xs-1 vce-col--xs-last vce-col--xs-first vce-col--sm-last vce-col--sm-first vce-col--md-last vce-col--lg-last vce-col--xl-last\" id=\"el-c2841b78\"><div class=\"vce-col-inner\" data-vce-do-apply=\"border margin background  el-c2841b78\"><div class=\"vce-col-content\" data-vce-element-content=\"true\" data-vce-do-apply=\"padding el-c2841b78\"><div class=\"vcv-row-control-wrapper\"><\/div><\/div><\/div><\/div><\/div><\/div><\/div><\/div><\/div><\/div><\/div><\/div><\/div><div class=\"vce-row-container\" data-vce-boxed-width=\"true\"><div class=\"vce-row vce-row--col-gap-30 vce-row-equal-height vce-row-content--top\" id=\"el-75552b97\" data-vce-do-apply=\"all el-75552b97\"><div class=\"vce-row-content\" data-vce-element-content=\"true\"><div class=\"vce-col vce-col--md-auto vce-col--xs-1 vce-col--xs-last vce-col--xs-first vce-col--sm-last vce-col--sm-first vce-col--md-last vce-col--lg-last vce-col--xl-last vce-col--md-first vce-col--lg-first vce-col--xl-first\" id=\"el-1b3f209f\"><div class=\"vce-col-inner\" data-vce-do-apply=\"border margin background  el-1b3f209f\"><div class=\"vce-col-content\" data-vce-element-content=\"true\" data-vce-do-apply=\"padding el-1b3f209f\"><div class=\"vcv-row-control-wrapper\"><\/div><\/div><\/div><\/div><\/div><\/div><\/div><div class=\"vce-row-container\" data-vce-boxed-width=\"true\"><div class=\"vce-row vce-row--col-gap-30 vce-row-equal-height vce-row-content--top\" id=\"el-5eef22e1\" data-vce-do-apply=\"all el-5eef22e1\"><div class=\"vce-row-content\" data-vce-element-content=\"true\"><div class=\"vce-col vce-col--md-auto vce-col--xs-1 vce-col--xs-last vce-col--xs-first vce-col--sm-last vce-col--sm-first vce-col--md-first vce-col--lg-first vce-col--xl-first\" id=\"el-c820a8b5\"><div class=\"vce-col-inner\" data-vce-do-apply=\"border margin background  el-c820a8b5\"><div class=\"vce-col-content\" data-vce-element-content=\"true\" data-vce-do-apply=\"padding el-c820a8b5\"><div class=\"vcv-row-control-wrapper\"><\/div><\/div><\/div><\/div><div class=\"vce-col vce-col--md-auto vce-col--xs-1 vce-col--xs-last vce-col--xs-first vce-col--sm-last vce-col--sm-first vce-col--md-last vce-col--lg-last vce-col--xl-last\" id=\"el-866a1308\"><div class=\"vce-col-inner\" data-vce-do-apply=\"border margin background  el-866a1308\"><div class=\"vce-col-content\" data-vce-element-content=\"true\" data-vce-do-apply=\"padding el-866a1308\"><div class=\"vce-single-image-container vce-single-image--align-left\"><div class=\"vce vce-single-image-wrapper\" id=\"el-b805b825\" data-vce-do-apply=\"all el-b805b825\"><figure><div class=\"vce-single-image-figure-inner\" style=\"width: 969px;\"><div class=\"vce-single-image-inner vce-single-image--absolute\" style=\"width: 100%; padding-bottom: 68.937%;\"><img loading=\"lazy\" decoding=\"async\" class=\"vce-single-image\"  width=\"969\" height=\"668\" srcset=\"https:\/\/www.phamviettech.com\/wp-content\/uploads\/2024\/08\/Computer-1-320x221.jpg 320w, https:\/\/www.phamviettech.com\/wp-content\/uploads\/2024\/08\/Computer-1-480x331.jpg 480w\" src=\"https:\/\/www.phamviettech.com\/wp-content\/uploads\/2022\/05\/Computer-1.jpg\" data-img-src=\"https:\/\/www.phamviettech.com\/wp-content\/uploads\/2022\/05\/Computer-1.jpg\" data-attachment-id=\"1067\"  alt=\"\" title=\"Computer\" \/><\/div><\/div><figcaption hidden=\"\"><\/figcaption><\/figure><\/div><\/div><\/div><\/div><\/div><\/div><\/div><\/div><div class=\"vce-row-container\" data-vce-boxed-width=\"true\"><div class=\"vce-row vce-row--col-gap-30 vce-row-equal-height vce-row-content--top\" id=\"el-2fe05496\" data-vce-do-apply=\"all el-2fe05496\"><div class=\"vce-row-content\" data-vce-element-content=\"true\"><div class=\"vce-col vce-col--md-auto vce-col--xs-1 vce-col--xs-last vce-col--xs-first vce-col--sm-last vce-col--sm-first vce-col--md-last vce-col--lg-last vce-col--xl-last vce-col--md-first vce-col--lg-first vce-col--xl-first\" id=\"el-89ed8ab6\"><div class=\"vce-col-inner\" data-vce-do-apply=\"border margin background  el-89ed8ab6\"><div class=\"vce-col-content\" data-vce-element-content=\"true\" data-vce-do-apply=\"padding el-89ed8ab6\"><div class=\"vcv-row-control-wrapper\"><\/div><\/div><\/div><\/div><\/div><\/div><\/div><div class=\"vce-row-container\" data-vce-boxed-width=\"true\"><div class=\"vce-row vce-row--col-gap-30 vce-row-equal-height vce-row-content--top\" id=\"el-e42a3bfe\" data-vce-do-apply=\"all el-e42a3bfe\"><div class=\"vce-row-content\" data-vce-element-content=\"true\"><div class=\"vce-col vce-col--md-auto vce-col--xs-1 vce-col--xs-last vce-col--xs-first vce-col--sm-last vce-col--sm-first vce-col--md-last vce-col--lg-last vce-col--xl-last vce-col--md-first vce-col--lg-first vce-col--xl-first\" id=\"el-d2f7cf30\"><div class=\"vce-col-inner\" data-vce-do-apply=\"border margin background  el-d2f7cf30\"><div class=\"vce-col-content\" data-vce-element-content=\"true\" data-vce-do-apply=\"padding el-d2f7cf30\"><div class=\"vce-text-block\"><div class=\"vce-text-block-wrapper vce\" id=\"el-9fac600f\" data-vce-do-apply=\"all el-9fac600f\"><h2 style=\"text-align: left;\">II. SUPPLYING MACHINES AND TECHNOLOGY EQUIPMENTS<\/h2>\n<p>For details see the Product page:<br><br><\/p><\/div><\/div><\/div><\/div><\/div><\/div><\/div><\/div><div class=\"vce-row-container\" data-vce-boxed-width=\"true\"><div class=\"vce-row vce-row--col-gap-30 vce-row-equal-height vce-row-content--top\" id=\"el-ba72b614\" data-vce-do-apply=\"all el-ba72b614\"><div class=\"vce-row-content\" data-vce-element-content=\"true\"><div class=\"vce-col vce-col--md-auto vce-col--xs-1 vce-col--xs-last vce-col--xs-first vce-col--sm-last vce-col--sm-first vce-col--md-last vce-col--lg-last vce-col--xl-last vce-col--md-first vce-col--lg-first vce-col--xl-first\" id=\"el-c8a818e2\"><div class=\"vce-col-inner\" data-vce-do-apply=\"border margin background  el-c8a818e2\"><div class=\"vce-col-content\" data-vce-element-content=\"true\" data-vce-do-apply=\"padding el-c8a818e2\"><div class=\"vce-button--style-basic-container vce-button--style-basic-container--align-left\"><span class=\"vce-button--style-basic-wrapper vce\" id=\"el-636852a1\" data-vce-do-apply=\"margin el-636852a1\"><a class=\"vce-button vce-button--style-basic vce-button--style-basic--border-rounded vce-button--style-basic--size-medium vce-button--style-basic--color-b-0-136-0--fff\" href=\"https:\/\/www.phamviettech.com\/en\/product-category\/all-products\/\" title=\"\" target=\"_blank\" data-vce-do-apply=\"padding border background  el-636852a1\" rel=\"noopener\">Product portfolio<\/a><\/span><\/div><\/div><\/div><\/div><\/div><\/div><\/div><div class=\"vce-row-container\" data-vce-boxed-width=\"true\"><div class=\"vce-row vce-row--col-gap-30 vce-row-equal-height vce-row-content--top\" id=\"el-bd5d316c\" data-vce-do-apply=\"all el-bd5d316c\"><div class=\"vce-row-content\" data-vce-element-content=\"true\"><div class=\"vce-col vce-col--md-auto vce-col--xs-1 vce-col--xs-last vce-col--xs-first vce-col--sm-last vce-col--sm-first vce-col--md-last vce-col--lg-last vce-col--xl-last vce-col--md-first vce-col--lg-first vce-col--xl-first\" id=\"el-4bc590ad\"><div class=\"vce-col-inner\" data-vce-do-apply=\"border margin background  el-4bc590ad\"><div class=\"vce-col-content\" data-vce-element-content=\"true\" data-vce-do-apply=\"padding el-4bc590ad\"><div class=\"vcv-row-control-wrapper\"><\/div><\/div><\/div><\/div><\/div><\/div><\/div><div class=\"vce-row-container\" data-vce-boxed-width=\"true\"><div class=\"vce-row vce-row--col-gap-30 vce-row-equal-height vce-row-content--top\" id=\"el-c239c1fa\" data-vce-do-apply=\"all el-c239c1fa\"><div class=\"vce-row-content\" data-vce-element-content=\"true\"><div class=\"vce-col vce-col--md-auto vce-col--xs-1 vce-col--xs-last vce-col--xs-first vce-col--sm-last vce-col--sm-first vce-col--md-last vce-col--lg-last vce-col--xl-last vce-col--md-first vce-col--lg-first vce-col--xl-first\" id=\"el-c5f335b4\"><div class=\"vce-col-inner\" data-vce-do-apply=\"border margin background  el-c5f335b4\"><div class=\"vce-col-content\" data-vce-element-content=\"true\" data-vce-do-apply=\"padding el-c5f335b4\"><div class=\"vce-text-block\"><div class=\"vce-text-block-wrapper vce\" id=\"el-9f86ed18\" data-vce-do-apply=\"all el-9f86ed18\"><h2>III. QU\u1ea2N L\u00dd \u0110\u1ea6U T\u01af<\/h2>\n<p>B\u1eaft \u0111\u1ea7u t\u1eeb 2015 v\u1edbi l\u0129nh v\u1ef1c T\u00e0i ch\u00ednh - \u0110\u1ea7u t\u01b0, Phamviet \u0111\u00e3 t\u00edch l\u0169y nhi\u1ec1u n\u0103m kinh nghi\u1ec7m tr\u00ean th\u1ecb tr\u01b0\u1eddng. Ch\u00fang t\u00f4i hi\u1ec7n ho\u1ea1t \u0111\u1ed9ng trong vi\u1ec7c t\u01b0 v\u1ea5n v\u00e0 gi\u1ea3i th\u00edch m\u1ea3ng t\u00e0i ch\u00ednh doanh nghi\u1ec7p, c\u00f3 li\u00ean quan \u0111\u1ebfn c\u00e1c doanh nghi\u1ec7p ni\u00eam y\u1ebft v\u00e0 c\u00e1c doanh nghi\u1ec7p tr\u00ean th\u1ecb tr\u01b0\u1eddng OTC.<\/p><\/div><\/div><\/div><\/div><\/div><\/div><\/div><\/div>","protected":false},"excerpt":{"rendered":"<p>I. NGHI\u00caN C\u1ee8U &#8211; CH\u1ebe T\u1ea0O M\u00c1Y&nbsp;II. CUNG \u1ee8NG C\u00c1C LO\u1ea0I M\u00c1Y, THI\u1ebeT B\u1eca C\u00d4NG NGH\u1ec6 Chi ti\u1ebft xem t\u1ea1i trang S\u1ea3n ph\u1ea9m:Danh m\u1ee5c s\u1ea3n ph\u1ea9mIII. QU\u1ea2N L\u00dd \u0110\u1ea6U T\u01af B\u1eaft \u0111\u1ea7u t\u1eeb 2015 v\u1edbi l\u0129nh v\u1ef1c T\u00e0i ch\u00ednh &#8211; \u0110\u1ea7u t\u01b0, Phamviet \u0111\u00e3 t\u00edch l\u0169y nhi\u1ec1u n\u0103m kinh nghi\u1ec7m [&hellip;]<\/p>","protected":false},"author":1,"featured_media":127,"parent":0,"menu_order":0,"comment_status":"closed","ping_status":"closed","template":"","meta":{"_monsterinsights_skip_tracking":false,"_monsterinsights_sitenote_active":false,"_monsterinsights_sitenote_note":"","_monsterinsights_sitenote_category":0,"footnotes":""},"class_list":["post-263","page","type-page","status-publish","has-post-thumbnail","hentry"],"yoast_head":"<!-- This site is optimized with the Yoast SEO plugin v25.7 - https:\/\/yoast.com\/wordpress\/plugins\/seo\/ -->\n<title>L\u0129nh v\u1ef1c ho\u1ea1t \u0111\u1ed9ng - Phamviet Tech<\/title>\n<meta name=\"robots\" content=\"index, follow, max-snippet:-1, max-image-preview:large, max-video-preview:-1\" \/>\n<link rel=\"canonical\" href=\"https:\/\/www.phamviettech.com\/en\/field-of-activities\/\" \/>\n<meta property=\"og:locale\" content=\"en_GB\" \/>\n<meta property=\"og:type\" content=\"article\" \/>\n<meta property=\"og:title\" content=\"L\u0129nh v\u1ef1c ho\u1ea1t \u0111\u1ed9ng - Phamviet Tech\" \/>\n<meta property=\"og:description\" content=\"I. NGHI\u00caN C\u1ee8U - CH\u1ebe T\u1ea0O M\u00c1Y&nbsp;II. CUNG \u1ee8NG C\u00c1C LO\u1ea0I M\u00c1Y, THI\u1ebeT B\u1eca C\u00d4NG NGH\u1ec6 Chi ti\u1ebft xem t\u1ea1i trang S\u1ea3n ph\u1ea9m:Danh m\u1ee5c s\u1ea3n ph\u1ea9mIII. QU\u1ea2N L\u00dd \u0110\u1ea6U T\u01af B\u1eaft \u0111\u1ea7u t\u1eeb 2015 v\u1edbi l\u0129nh v\u1ef1c T\u00e0i ch\u00ednh - \u0110\u1ea7u t\u01b0, Phamviet \u0111\u00e3 t\u00edch l\u0169y nhi\u1ec1u n\u0103m kinh nghi\u1ec7m [&hellip;]\" \/>\n<meta property=\"og:url\" content=\"https:\/\/www.phamviettech.com\/en\/field-of-activities\/\" \/>\n<meta property=\"og:site_name\" content=\"Phamviet Tech\" \/>\n<meta property=\"article:modified_time\" content=\"2024-08-09T14:23:43+00:00\" \/>\n<meta property=\"og:image\" content=\"https:\/\/www.phamviettech.com\/wp-content\/uploads\/2021\/07\/2036-1-1.jpg\" \/>\n\t<meta property=\"og:image:width\" content=\"763\" \/>\n\t<meta property=\"og:image:height\" content=\"545\" \/>\n\t<meta property=\"og:image:type\" content=\"image\/jpeg\" \/>\n<meta name=\"twitter:card\" content=\"summary_large_image\" \/>\n<meta name=\"twitter:label1\" content=\"Estimated reading time\" \/>\n\t<meta name=\"twitter:data1\" content=\"1 minute\" \/>\n<script type=\"application\/ld+json\" class=\"yoast-schema-graph\">{\"@context\":\"https:\/\/schema.org\",\"@graph\":[{\"@type\":\"WebPage\",\"@id\":\"https:\/\/www.phamviettech.com\/field-of-activities\/\",\"url\":\"https:\/\/www.phamviettech.com\/field-of-activities\/\",\"name\":\"L\u0129nh v\u1ef1c ho\u1ea1t \u0111\u1ed9ng - Phamviet Tech\",\"isPartOf\":{\"@id\":\"https:\/\/www.phamviettech.com\/#website\"},\"primaryImageOfPage\":{\"@id\":\"https:\/\/www.phamviettech.com\/field-of-activities\/#primaryimage\"},\"image\":{\"@id\":\"https:\/\/www.phamviettech.com\/field-of-activities\/#primaryimage\"},\"thumbnailUrl\":\"https:\/\/www.phamviettech.com\/wp-content\/uploads\/2021\/07\/2036-1-1.jpg\",\"datePublished\":\"2021-09-11T01:28:54+00:00\",\"dateModified\":\"2024-08-09T14:23:43+00:00\",\"breadcrumb\":{\"@id\":\"https:\/\/www.phamviettech.com\/field-of-activities\/#breadcrumb\"},\"inLanguage\":\"en-GB\",\"potentialAction\":[{\"@type\":\"ReadAction\",\"target\":[\"https:\/\/www.phamviettech.com\/field-of-activities\/\"]}]},{\"@type\":\"ImageObject\",\"inLanguage\":\"en-GB\",\"@id\":\"https:\/\/www.phamviettech.com\/field-of-activities\/#primaryimage\",\"url\":\"https:\/\/www.phamviettech.com\/wp-content\/uploads\/2021\/07\/2036-1-1.jpg\",\"contentUrl\":\"https:\/\/www.phamviettech.com\/wp-content\/uploads\/2021\/07\/2036-1-1.jpg\",\"width\":763,\"height\":545},{\"@type\":\"BreadcrumbList\",\"@id\":\"https:\/\/www.phamviettech.com\/field-of-activities\/#breadcrumb\",\"itemListElement\":[{\"@type\":\"ListItem\",\"position\":1,\"name\":\"Trang ch\u1ee7\",\"item\":\"https:\/\/www.phamviettech.com\/\"},{\"@type\":\"ListItem\",\"position\":2,\"name\":\"L\u0129nh v\u1ef1c ho\u1ea1t \u0111\u1ed9ng\"}]},{\"@type\":\"WebSite\",\"@id\":\"https:\/\/www.phamviettech.com\/#website\",\"url\":\"https:\/\/www.phamviettech.com\/\",\"name\":\"Phamviet Tech\",\"description\":\"Engineering &amp; Investing\",\"publisher\":{\"@id\":\"https:\/\/www.phamviettech.com\/#organization\"},\"potentialAction\":[{\"@type\":\"SearchAction\",\"target\":{\"@type\":\"EntryPoint\",\"urlTemplate\":\"https:\/\/www.phamviettech.com\/?s={search_term_string}\"},\"query-input\":{\"@type\":\"PropertyValueSpecification\",\"valueRequired\":true,\"valueName\":\"search_term_string\"}}],\"inLanguage\":\"en-GB\"},{\"@type\":\"Organization\",\"@id\":\"https:\/\/www.phamviettech.com\/#organization\",\"name\":\"Phamviet Tech\",\"url\":\"https:\/\/www.phamviettech.com\/\",\"logo\":{\"@type\":\"ImageObject\",\"inLanguage\":\"en-GB\",\"@id\":\"https:\/\/www.phamviettech.com\/#\/schema\/logo\/image\/\",\"url\":\"https:\/\/www.phamviettech.com\/wp-content\/uploads\/2022\/07\/logo-small.png\",\"contentUrl\":\"https:\/\/www.phamviettech.com\/wp-content\/uploads\/2022\/07\/logo-small.png\",\"width\":200,\"height\":39,\"caption\":\"Phamviet Tech\"},\"image\":{\"@id\":\"https:\/\/www.phamviettech.com\/#\/schema\/logo\/image\/\"}}]}<\/script>\n<!-- \/ Yoast SEO plugin. -->","yoast_head_json":{"title":"L\u0129nh v\u1ef1c ho\u1ea1t \u0111\u1ed9ng - Phamviet Tech","robots":{"index":"index","follow":"follow","max-snippet":"max-snippet:-1","max-image-preview":"max-image-preview:large","max-video-preview":"max-video-preview:-1"},"canonical":"https:\/\/www.phamviettech.com\/en\/field-of-activities\/","og_locale":"en_GB","og_type":"article","og_title":"L\u0129nh v\u1ef1c ho\u1ea1t \u0111\u1ed9ng - Phamviet Tech","og_description":"I. NGHI\u00caN C\u1ee8U - CH\u1ebe T\u1ea0O M\u00c1Y&nbsp;II. CUNG \u1ee8NG C\u00c1C LO\u1ea0I M\u00c1Y, THI\u1ebeT B\u1eca C\u00d4NG NGH\u1ec6 Chi ti\u1ebft xem t\u1ea1i trang S\u1ea3n ph\u1ea9m:Danh m\u1ee5c s\u1ea3n ph\u1ea9mIII. QU\u1ea2N L\u00dd \u0110\u1ea6U T\u01af B\u1eaft \u0111\u1ea7u t\u1eeb 2015 v\u1edbi l\u0129nh v\u1ef1c T\u00e0i ch\u00ednh - \u0110\u1ea7u t\u01b0, Phamviet \u0111\u00e3 t\u00edch l\u0169y nhi\u1ec1u n\u0103m kinh nghi\u1ec7m [&hellip;]","og_url":"https:\/\/www.phamviettech.com\/en\/field-of-activities\/","og_site_name":"Phamviet Tech","article_modified_time":"2024-08-09T14:23:43+00:00","og_image":[{"width":763,"height":545,"url":"https:\/\/www.phamviettech.com\/wp-content\/uploads\/2021\/07\/2036-1-1.jpg","type":"image\/jpeg"}],"twitter_card":"summary_large_image","twitter_misc":{"Estimated reading time":"1 minute"},"schema":{"@context":"https:\/\/schema.org","@graph":[{"@type":"WebPage","@id":"https:\/\/www.phamviettech.com\/field-of-activities\/","url":"https:\/\/www.phamviettech.com\/field-of-activities\/","name":"L\u0129nh v\u1ef1c ho\u1ea1t \u0111\u1ed9ng - Phamviet Tech","isPartOf":{"@id":"https:\/\/www.phamviettech.com\/#website"},"primaryImageOfPage":{"@id":"https:\/\/www.phamviettech.com\/field-of-activities\/#primaryimage"},"image":{"@id":"https:\/\/www.phamviettech.com\/field-of-activities\/#primaryimage"},"thumbnailUrl":"https:\/\/www.phamviettech.com\/wp-content\/uploads\/2021\/07\/2036-1-1.jpg","datePublished":"2021-09-11T01:28:54+00:00","dateModified":"2024-08-09T14:23:43+00:00","breadcrumb":{"@id":"https:\/\/www.phamviettech.com\/field-of-activities\/#breadcrumb"},"inLanguage":"en-GB","potentialAction":[{"@type":"ReadAction","target":["https:\/\/www.phamviettech.com\/field-of-activities\/"]}]},{"@type":"ImageObject","inLanguage":"en-GB","@id":"https:\/\/www.phamviettech.com\/field-of-activities\/#primaryimage","url":"https:\/\/www.phamviettech.com\/wp-content\/uploads\/2021\/07\/2036-1-1.jpg","contentUrl":"https:\/\/www.phamviettech.com\/wp-content\/uploads\/2021\/07\/2036-1-1.jpg","width":763,"height":545},{"@type":"BreadcrumbList","@id":"https:\/\/www.phamviettech.com\/field-of-activities\/#breadcrumb","itemListElement":[{"@type":"ListItem","position":1,"name":"Trang ch\u1ee7","item":"https:\/\/www.phamviettech.com\/"},{"@type":"ListItem","position":2,"name":"L\u0129nh v\u1ef1c ho\u1ea1t \u0111\u1ed9ng"}]},{"@type":"WebSite","@id":"https:\/\/www.phamviettech.com\/#website","url":"https:\/\/www.phamviettech.com\/","name":"Phamviet Tech","description":"Engineering &amp; Investing","publisher":{"@id":"https:\/\/www.phamviettech.com\/#organization"},"potentialAction":[{"@type":"SearchAction","target":{"@type":"EntryPoint","urlTemplate":"https:\/\/www.phamviettech.com\/?s={search_term_string}"},"query-input":{"@type":"PropertyValueSpecification","valueRequired":true,"valueName":"search_term_string"}}],"inLanguage":"en-GB"},{"@type":"Organization","@id":"https:\/\/www.phamviettech.com\/#organization","name":"Phamviet Tech","url":"https:\/\/www.phamviettech.com\/","logo":{"@type":"ImageObject","inLanguage":"en-GB","@id":"https:\/\/www.phamviettech.com\/#\/schema\/logo\/image\/","url":"https:\/\/www.phamviettech.com\/wp-content\/uploads\/2022\/07\/logo-small.png","contentUrl":"https:\/\/www.phamviettech.com\/wp-content\/uploads\/2022\/07\/logo-small.png","width":200,"height":39,"caption":"Phamviet Tech"},"image":{"@id":"https:\/\/www.phamviettech.com\/#\/schema\/logo\/image\/"}}]}},"_links":{"self":[{"href":"https:\/\/www.phamviettech.com\/en\/wp-json\/wp\/v2\/pages\/263","targetHints":{"allow":["GET"]}}],"collection":[{"href":"https:\/\/www.phamviettech.com\/en\/wp-json\/wp\/v2\/pages"}],"about":[{"href":"https:\/\/www.phamviettech.com\/en\/wp-json\/wp\/v2\/types\/page"}],"author":[{"embeddable":true,"href":"https:\/\/www.phamviettech.com\/en\/wp-json\/wp\/v2\/users\/1"}],"replies":[{"embeddable":true,"href":"https:\/\/www.phamviettech.com\/en\/wp-json\/wp\/v2\/comments?post=263"}],"version-history":[{"count":0,"href":"https:\/\/www.phamviettech.com\/en\/wp-json\/wp\/v2\/pages\/263\/revisions"}],"wp:featuredmedia":[{"embeddable":true,"href":"https:\/\/www.phamviettech.com\/en\/wp-json\/wp\/v2\/media\/127"}],"wp:attachment":[{"href":"https:\/\/www.phamviettech.com\/en\/wp-json\/wp\/v2\/media?parent=263"}],"curies":[{"name":"wp","href":"https:\/\/api.w.org\/{rel}","templated":true}]}}